{"id":36772,"date":"2026-01-27T17:21:02","date_gmt":"2026-01-27T17:21:02","guid":{"rendered":"https:\/\/www.deporteseli.com\/?product=balon-nike-futsal-maestro-f-sala"},"modified":"2026-01-27T17:21:04","modified_gmt":"2026-01-27T17:21:04","slug":"balon-nike-futsal-maestro-f-sala","status":"publish","type":"product","link":"https:\/\/www.deporteseli.com\/?product=balon-nike-futsal-maestro-f-sala","title":{"rendered":"BAL\u00f3N NIKE FUTSAL MAESTRO F. SALA"},"content":{"rendered":"<p>TOQUE DURADERO PARA JUGAR EN ESPACIOS REDUCIDOS.      El bal\u00f3n de f\u00fatbol Nike Futsal Maestro proporciona un toque excepcional y un mayor control en espacios reducidos.Cuenta con una cubierta duradera y un estampado de alto contraste para que sea f\u00e1cil de ver.      Ventajas    Confecci\u00f3n cosida a m\u00e1quina duradera y resistente a la abrasi\u00f3n.  Cubierta texturizada con un toque excelente para ofrecer un mayor control del bal\u00f3n.  Dise\u00f1o m\u00e1s peque\u00f1o y grueso para reducir el rebote al jugar en espacios reducidos.    Detalles del producto    Tama\u00f1o y peso oficial para f\u00fatbol sala  60 % goma\/15 % poliuretano\/13 % poli\u00e9ster\/12 % EVA  De importaci\u00f3n  Color mostrado: Grey Fog\/Blue Void\/Volt  Modelo: DM4153-097                                                                                                                                                                                                                                                                                                                                                                                                                                                                                                                                                                                                                                                                                                                                                                                                                                                                                                                                                                                                                                        <\/p>\n","protected":false},"excerpt":{"rendered":"<p>BAL\u00f3N NIKE FUTSAL MAESTRO F. SALA<\/p>\n","protected":false},"featured_media":51398,"template":"","meta":[],"product_brand":[],"product_cat":[347],"product_tag":[37],"class_list":{"0":"post-36772","1":"product","2":"type-product","3":"status-publish","4":"has-post-thumbnail","6":"product_cat-deportes_balones","7":"product_tag-nike","8":"pa_color-unico","9":"pa_talla-unica","10":"thunk-woo-product-list","11":"opn-qv-enable","12":"open-woo-hover-","13":"open-single-product-tab-horizontal","14":"open-shadow-","15":"open-shadow-hover-","17":"first","18":"instock","19":"shipping-taxable","20":"purchasable","21":"product-type-variable"},"jetpack_sharing_enabled":true,"_links":{"self":[{"href":"https:\/\/www.deporteseli.com\/index.php?rest_route=\/wp\/v2\/product\/36772","targetHints":{"allow":["GET"]}}],"collection":[{"href":"https:\/\/www.deporteseli.com\/index.php?rest_route=\/wp\/v2\/product"}],"about":[{"href":"https:\/\/www.deporteseli.com\/index.php?rest_route=\/wp\/v2\/types\/product"}],"wp:featuredmedia":[{"embeddable":true,"href":"https:\/\/www.deporteseli.com\/index.php?rest_route=\/wp\/v2\/media\/51398"}],"wp:attachment":[{"href":"https:\/\/www.deporteseli.com\/index.php?rest_route=%2Fwp%2Fv2%2Fmedia&parent=36772"}],"wp:term":[{"taxonomy":"product_brand","embeddable":true,"href":"https:\/\/www.deporteseli.com\/index.php?rest_route=%2Fwp%2Fv2%2Fproduct_brand&post=36772"},{"taxonomy":"product_cat","embeddable":true,"href":"https:\/\/www.deporteseli.com\/index.php?rest_route=%2Fwp%2Fv2%2Fproduct_cat&post=36772"},{"taxonomy":"product_tag","embeddable":true,"href":"https:\/\/www.deporteseli.com\/index.php?rest_route=%2Fwp%2Fv2%2Fproduct_tag&post=36772"}],"curies":[{"name":"wp","href":"https:\/\/api.w.org\/{rel}","templated":true}]}}