{"id":36770,"date":"2026-01-27T17:20:59","date_gmt":"2026-01-27T17:20:59","guid":{"rendered":"https:\/\/www.deporteseli.com\/?product=balon-nike-street-akka-talla-62-cm"},"modified":"2026-01-27T17:21:01","modified_gmt":"2026-01-27T17:21:01","slug":"balon-nike-street-akka-talla-62-cm","status":"publish","type":"product","link":"https:\/\/www.deporteseli.com\/?product=balon-nike-street-akka-talla-62-cm","title":{"rendered":"BAL\u00f3N NIKE STREET AKKA TALLA 62 CM"},"content":{"rendered":"<p>DOMINA LA CALLE.      El bal\u00f3n de f\u00fatbol Nike Street Akka es ideal para el streetball.Es m\u00e1s peque\u00f1o y m\u00e1s pesado, por lo que es perfecto para trabajar en tu juego al aire libre.      Ventajas    Cubierta texturizada para un toque excepcional.  Dise\u00f1o m\u00e1s peque\u00f1o y grueso para reducir el rebote.  Costuras ocultas y reforzadas para una mayor durabilidad.    Detalles del producto    60 % goma\/15 % poliuretano\/13 % poli\u00e9ster\/12 % EVA  De importaci\u00f3n  Color mostrado: Volt\/Particle Grey\/Negro  Modelo: DC4191-702                                                                                                                                                                                                                                                                                                                                                                                                                                                                                                                                                                                                                                                                                                                                                                                                                                                                                                                                                                                                                                        <\/p>\n","protected":false},"excerpt":{"rendered":"<p>BAL\u00f3N NIKE STREET AKKA TALLA 62 CM<\/p>\n","protected":false},"featured_media":51394,"template":"","meta":[],"product_brand":[],"product_cat":[347],"product_tag":[37],"class_list":{"0":"post-36770","1":"product","2":"type-product","3":"status-publish","4":"has-post-thumbnail","6":"product_cat-deportes_balones","7":"product_tag-nike","8":"pa_color-unico","9":"pa_talla-unica","10":"thunk-woo-product-list","11":"opn-qv-enable","12":"open-woo-hover-","13":"open-single-product-tab-horizontal","14":"open-shadow-","15":"open-shadow-hover-","17":"first","18":"instock","19":"shipping-taxable","20":"purchasable","21":"product-type-variable"},"jetpack_sharing_enabled":true,"_links":{"self":[{"href":"https:\/\/www.deporteseli.com\/index.php?rest_route=\/wp\/v2\/product\/36770","targetHints":{"allow":["GET"]}}],"collection":[{"href":"https:\/\/www.deporteseli.com\/index.php?rest_route=\/wp\/v2\/product"}],"about":[{"href":"https:\/\/www.deporteseli.com\/index.php?rest_route=\/wp\/v2\/types\/product"}],"wp:featuredmedia":[{"embeddable":true,"href":"https:\/\/www.deporteseli.com\/index.php?rest_route=\/wp\/v2\/media\/51394"}],"wp:attachment":[{"href":"https:\/\/www.deporteseli.com\/index.php?rest_route=%2Fwp%2Fv2%2Fmedia&parent=36770"}],"wp:term":[{"taxonomy":"product_brand","embeddable":true,"href":"https:\/\/www.deporteseli.com\/index.php?rest_route=%2Fwp%2Fv2%2Fproduct_brand&post=36770"},{"taxonomy":"product_cat","embeddable":true,"href":"https:\/\/www.deporteseli.com\/index.php?rest_route=%2Fwp%2Fv2%2Fproduct_cat&post=36770"},{"taxonomy":"product_tag","embeddable":true,"href":"https:\/\/www.deporteseli.com\/index.php?rest_route=%2Fwp%2Fv2%2Fproduct_tag&post=36770"}],"curies":[{"name":"wp","href":"https:\/\/api.w.org\/{rel}","templated":true}]}}