{"id":36768,"date":"2026-01-27T17:20:54","date_gmt":"2026-01-27T17:20:54","guid":{"rendered":"https:\/\/www.deporteseli.com\/?product=nike-star-runner-3"},"modified":"2026-02-13T10:46:09","modified_gmt":"2026-02-13T10:46:09","slug":"nike-star-runner-3","status":"publish","type":"product","link":"https:\/\/www.deporteseli.com\/?product=nike-star-runner-3","title":{"rendered":"NIKE STAR RUNNER 3"},"content":{"rendered":"<p>Las Nike Star Runner 3 ofrecen el mejor dise\u00f1o para que los m\u00e1s peque\u00f1os corran y salten.Hemos a\u00f1adido una correa para facilitar el despegue, adem\u00e1s de espuma supersuave y mucha flexibilidad para potenciar la comodidad.Dise\u00f1adas pensando en el planeta, estas zapatillas est\u00e1n confeccionadas con, al menos, un 20 % de contenido reciclado.      Siempre a punto para correr    La malla reciclada de la parte delantera mantiene la frescura en los pies de los m\u00e1s peque\u00f1os y ofrece espacio para el movimiento de los dedos.La piel sint\u00e9tica reciclada alrededor del tal\u00f3n crea estabilidad y durabilidad.      Sujeci\u00f3n con correas    La correa de cierre por contacto y los cordones el\u00e1sticos hacen que sean m\u00e1s f\u00e1ciles de poner y quitar.      Tracci\u00f3n decorada con estrellas    La suela de goma cuenta con ranuras dise\u00f1adas para ofrecer tracci\u00f3n multidireccional.La estrella moldeada cerca del dedo del pie muestra una estrella fugaz a lo largo de la suela.      M\u00e1s ventajas    Amortiguaci\u00f3n de espuma en la planta del pie y suela interior suave para ofrecer comodidad.  Revestimiento en la punta de los dedos para ofrecer m\u00e1s durabilidad a los m\u00e1s peque\u00f1os que arrastran los pies.  Forma de la cascada alrededor del tobillo (con acolchado adicional) para una comodidad ideal.                                                                                                                                                                                                                                                                                                                                                                                                                                                                                                                                                                                                                                                                                                                                                                                                                                                                                                                                                                                                                                        <\/p>\n","protected":false},"excerpt":{"rendered":"<p>NIKE STAR RUNNER 3<\/p>\n","protected":false},"featured_media":51392,"template":"","meta":[],"product_brand":[],"product_cat":[237],"product_tag":[37],"class_list":{"0":"post-36768","1":"product","2":"type-product","3":"status-publish","4":"has-post-thumbnail","6":"product_cat-outlet_calzado","7":"product_tag-nike","8":"pa_color-unico","9":"pa_talla-t-21","10":"thunk-woo-product-list","11":"opn-qv-enable","12":"open-woo-hover-","13":"open-single-product-tab-horizontal","14":"open-shadow-","15":"open-shadow-hover-","17":"first","18":"instock","19":"shipping-taxable","20":"purchasable","21":"product-type-variable"},"jetpack_sharing_enabled":true,"_links":{"self":[{"href":"https:\/\/www.deporteseli.com\/index.php?rest_route=\/wp\/v2\/product\/36768","targetHints":{"allow":["GET"]}}],"collection":[{"href":"https:\/\/www.deporteseli.com\/index.php?rest_route=\/wp\/v2\/product"}],"about":[{"href":"https:\/\/www.deporteseli.com\/index.php?rest_route=\/wp\/v2\/types\/product"}],"wp:featuredmedia":[{"embeddable":true,"href":"https:\/\/www.deporteseli.com\/index.php?rest_route=\/wp\/v2\/media\/51392"}],"wp:attachment":[{"href":"https:\/\/www.deporteseli.com\/index.php?rest_route=%2Fwp%2Fv2%2Fmedia&parent=36768"}],"wp:term":[{"taxonomy":"product_brand","embeddable":true,"href":"https:\/\/www.deporteseli.com\/index.php?rest_route=%2Fwp%2Fv2%2Fproduct_brand&post=36768"},{"taxonomy":"product_cat","embeddable":true,"href":"https:\/\/www.deporteseli.com\/index.php?rest_route=%2Fwp%2Fv2%2Fproduct_cat&post=36768"},{"taxonomy":"product_tag","embeddable":true,"href":"https:\/\/www.deporteseli.com\/index.php?rest_route=%2Fwp%2Fv2%2Fproduct_tag&post=36768"}],"curies":[{"name":"wp","href":"https:\/\/api.w.org\/{rel}","templated":true}]}}