{"id":36763,"date":"2026-01-27T17:20:37","date_gmt":"2026-01-27T17:20:37","guid":{"rendered":"https:\/\/www.deporteseli.com\/?product=guantes-training"},"modified":"2026-02-16T07:44:10","modified_gmt":"2026-02-16T07:44:10","slug":"guantes-training","status":"publish","type":"product","link":"https:\/\/www.deporteseli.com\/?product=guantes-training","title":{"rendered":"GUANTES TRAINING"},"content":{"rendered":"<p>GUANTES TRAINING  M\u00c1XIMO AGARRE Y CONTROL PARA ENTRENAR  Sentadillas, press, curl&#8230; Lo que se te ocurra. Estos guantes de training adidas presentan una palma antideslizante que te proporciona un excelente agarre a la hora de levantar pesas o hacer dominadas. La inserci\u00f3n de malla en el dorso favorece la ventilaci\u00f3n y el cierre de velcro en la mu\u00f1eca te proporciona un ajuste a medida.  DETALLES  Palma: piel sint\u00e9tica 100% nailon  Inserci\u00f3n de malla en el dorso  Material antideslizante en la palma  Banda de velcro ajustable en la mu\u00f1eca  Tiradores en la parte posterior de los dedos  Panel para secarse el sudor en el pulgar  Color del art\u00edculo: Black \/ White  N\u00famero de art\u00edculo: HA5554                                                                                                                                                                                                                                                                                                                                                                                                                                                                                                                                                                                                                                                                                                                                                                                                                                                                                                                                                                                                                                        <\/p>\n","protected":false},"excerpt":{"rendered":"<p>GUANTES TRAINING<\/p>\n","protected":false},"featured_media":51388,"template":"","meta":[],"product_brand":[],"product_cat":[342],"product_tag":[18],"class_list":{"0":"post-36763","1":"product","2":"type-product","3":"status-publish","4":"has-post-thumbnail","6":"product_cat-deportes_gimnasio_guantes","7":"product_tag-adidas","8":"pa_color-unico","9":"pa_talla-l","10":"pa_talla-m","11":"pa_talla-s","12":"pa_talla-xs","13":"thunk-woo-product-list","14":"opn-qv-enable","15":"open-woo-hover-","16":"open-single-product-tab-horizontal","17":"open-shadow-","18":"open-shadow-hover-","20":"first","21":"instock","22":"shipping-taxable","23":"purchasable","24":"product-type-variable"},"jetpack_sharing_enabled":true,"_links":{"self":[{"href":"https:\/\/www.deporteseli.com\/index.php?rest_route=\/wp\/v2\/product\/36763","targetHints":{"allow":["GET"]}}],"collection":[{"href":"https:\/\/www.deporteseli.com\/index.php?rest_route=\/wp\/v2\/product"}],"about":[{"href":"https:\/\/www.deporteseli.com\/index.php?rest_route=\/wp\/v2\/types\/product"}],"wp:featuredmedia":[{"embeddable":true,"href":"https:\/\/www.deporteseli.com\/index.php?rest_route=\/wp\/v2\/media\/51388"}],"wp:attachment":[{"href":"https:\/\/www.deporteseli.com\/index.php?rest_route=%2Fwp%2Fv2%2Fmedia&parent=36763"}],"wp:term":[{"taxonomy":"product_brand","embeddable":true,"href":"https:\/\/www.deporteseli.com\/index.php?rest_route=%2Fwp%2Fv2%2Fproduct_brand&post=36763"},{"taxonomy":"product_cat","embeddable":true,"href":"https:\/\/www.deporteseli.com\/index.php?rest_route=%2Fwp%2Fv2%2Fproduct_cat&post=36763"},{"taxonomy":"product_tag","embeddable":true,"href":"https:\/\/www.deporteseli.com\/index.php?rest_route=%2Fwp%2Fv2%2Fproduct_tag&post=36763"}],"curies":[{"name":"wp","href":"https:\/\/api.w.org\/{rel}","templated":true}]}}