{"id":36750,"date":"2026-01-27T17:20:13","date_gmt":"2026-01-27T17:20:13","guid":{"rendered":"https:\/\/www.deporteseli.com\/?product=pant-ellesse-stripy-black"},"modified":"2026-01-27T17:20:17","modified_gmt":"2026-01-27T17:20:17","slug":"pant-ellesse-stripy-black","status":"publish","type":"product","link":"https:\/\/www.deporteseli.com\/?product=pant-ellesse-stripy-black","title":{"rendered":"PANT ELLESSE STRIPY BLACK"},"content":{"rendered":"<p>El Leggings Stripey SGM14621 Black Slim Fit de ellesse es una de las \u00faltimas ofertas de la tienda LaModa, que merece la pena tener en tu armario.  Tambi\u00e9n vale la pena centrarse en los accesorios y otros art\u00edculos de vestuario, gracias a los cuales le daremos al estilo una elegancia adicional! Los leggings Stripy SGM14621 Black Slim Fit son un must have para la temporada de invierno 2021\/2022, perfectos para las amantes de la moda, el estilo y la comodidad.  Estilos de moda, estilos c\u00f3modos para todos los d\u00edas y ocasiones especiales, accesorios elegantes, zapatos con estilo y mucho m\u00e1s!  Encuentra todo lo que buscas en lamoda.pl!                                                                                                                                                                                                                                                                                                                                                                                                                                                                                                                                                                                                                                                                                                                                                                                                                                                                                                                                                                                                                                        <\/p>\n","protected":false},"excerpt":{"rendered":"<p>PANT ELLESSE STRIPY BLACK<\/p>\n","protected":false},"featured_media":51377,"template":"","meta":[],"product_brand":[],"product_cat":[281],"product_tag":[52],"class_list":{"0":"post-36750","1":"product","2":"type-product","3":"status-publish","4":"has-post-thumbnail","6":"product_cat-mujer_textil_mallas","7":"product_tag-ellesse","8":"pa_color-unico","9":"pa_talla-l","10":"pa_talla-s","11":"thunk-woo-product-list","12":"opn-qv-enable","13":"open-woo-hover-","14":"open-single-product-tab-horizontal","15":"open-shadow-","16":"open-shadow-hover-","18":"first","19":"instock","20":"shipping-taxable","21":"purchasable","22":"product-type-variable"},"jetpack_sharing_enabled":true,"_links":{"self":[{"href":"https:\/\/www.deporteseli.com\/index.php?rest_route=\/wp\/v2\/product\/36750","targetHints":{"allow":["GET"]}}],"collection":[{"href":"https:\/\/www.deporteseli.com\/index.php?rest_route=\/wp\/v2\/product"}],"about":[{"href":"https:\/\/www.deporteseli.com\/index.php?rest_route=\/wp\/v2\/types\/product"}],"wp:featuredmedia":[{"embeddable":true,"href":"https:\/\/www.deporteseli.com\/index.php?rest_route=\/wp\/v2\/media\/51377"}],"wp:attachment":[{"href":"https:\/\/www.deporteseli.com\/index.php?rest_route=%2Fwp%2Fv2%2Fmedia&parent=36750"}],"wp:term":[{"taxonomy":"product_brand","embeddable":true,"href":"https:\/\/www.deporteseli.com\/index.php?rest_route=%2Fwp%2Fv2%2Fproduct_brand&post=36750"},{"taxonomy":"product_cat","embeddable":true,"href":"https:\/\/www.deporteseli.com\/index.php?rest_route=%2Fwp%2Fv2%2Fproduct_cat&post=36750"},{"taxonomy":"product_tag","embeddable":true,"href":"https:\/\/www.deporteseli.com\/index.php?rest_route=%2Fwp%2Fv2%2Fproduct_tag&post=36750"}],"curies":[{"name":"wp","href":"https:\/\/api.w.org\/{rel}","templated":true}]}}