{"id":36748,"date":"2026-01-27T17:20:11","date_gmt":"2026-01-27T17:20:11","guid":{"rendered":"https:\/\/www.deporteseli.com\/?product=short-ellesse-oulle-black"},"modified":"2026-01-27T17:20:12","modified_gmt":"2026-01-27T17:20:12","slug":"short-ellesse-oulle-black","status":"publish","type":"product","link":"https:\/\/www.deporteseli.com\/?product=short-ellesse-oulle-black","title":{"rendered":"SHORT ELLESSE OULLE BLACK"},"content":{"rendered":"<p>Los shorts de ba\u00f1o Oulle. S\u00e9 audaz en la piscina esta temporada con los shorts de ba\u00f1o ellesse Oulle. Estos shorts de ba\u00f1o de ajuste est\u00e1ndar tienen una cintura el\u00e1stica con cordones adicionales para un ajuste optimizado. Incluyendo bolsillos de entrada laterales con bolsas de bolsillo de malla, los pantalones cortos se completan con la marca distintiva de ellesse en todos lados.    100% Poli\u00e9ster                                                                                                                                                                                                                                                                                                                                                                                                                                                                                                                                                                                                                                                                                                                                                                                                                                                                                                                                                                                                                                        <\/p>\n","protected":false},"excerpt":{"rendered":"<p>SHORT ELLESSE OULLE BLACK<\/p>\n","protected":false},"featured_media":51374,"template":"","meta":[],"product_brand":[],"product_cat":[251],"product_tag":[52],"class_list":{"0":"post-36748","1":"product","2":"type-product","3":"status-publish","4":"has-post-thumbnail","6":"product_cat-hombre_textil_shorts","7":"product_tag-ellesse","8":"pa_color-unico","9":"pa_talla-s","10":"thunk-woo-product-list","11":"opn-qv-enable","12":"open-woo-hover-","13":"open-single-product-tab-horizontal","14":"open-shadow-","15":"open-shadow-hover-","17":"first","18":"instock","19":"shipping-taxable","20":"purchasable","21":"product-type-variable"},"jetpack_sharing_enabled":true,"_links":{"self":[{"href":"https:\/\/www.deporteseli.com\/index.php?rest_route=\/wp\/v2\/product\/36748","targetHints":{"allow":["GET"]}}],"collection":[{"href":"https:\/\/www.deporteseli.com\/index.php?rest_route=\/wp\/v2\/product"}],"about":[{"href":"https:\/\/www.deporteseli.com\/index.php?rest_route=\/wp\/v2\/types\/product"}],"wp:featuredmedia":[{"embeddable":true,"href":"https:\/\/www.deporteseli.com\/index.php?rest_route=\/wp\/v2\/media\/51374"}],"wp:attachment":[{"href":"https:\/\/www.deporteseli.com\/index.php?rest_route=%2Fwp%2Fv2%2Fmedia&parent=36748"}],"wp:term":[{"taxonomy":"product_brand","embeddable":true,"href":"https:\/\/www.deporteseli.com\/index.php?rest_route=%2Fwp%2Fv2%2Fproduct_brand&post=36748"},{"taxonomy":"product_cat","embeddable":true,"href":"https:\/\/www.deporteseli.com\/index.php?rest_route=%2Fwp%2Fv2%2Fproduct_cat&post=36748"},{"taxonomy":"product_tag","embeddable":true,"href":"https:\/\/www.deporteseli.com\/index.php?rest_route=%2Fwp%2Fv2%2Fproduct_tag&post=36748"}],"curies":[{"name":"wp","href":"https:\/\/api.w.org\/{rel}","templated":true}]}}