{"id":36742,"date":"2026-01-27T17:20:03","date_gmt":"2026-01-27T17:20:03","guid":{"rendered":"https:\/\/www.deporteseli.com\/?product=short-ellesse-roulle-white"},"modified":"2026-01-27T17:20:05","modified_gmt":"2026-01-27T17:20:05","slug":"short-ellesse-roulle-white","status":"publish","type":"product","link":"https:\/\/www.deporteseli.com\/?product=short-ellesse-roulle-white","title":{"rendered":"SHORT ELLESSE ROULLE WHITE"},"content":{"rendered":"<p>Shorts de ba\u00f1o blancos Roulle de Ellesse 100 % poli\u00e9ster, ba\u00fal de malla en el interior Marca impresa por toda la prenda, bolsillos laterales abiertos Camiseta Hira a juego disponible                                                                                                                                                                                                                                                                                                                                                                                                                                                                                                                                                                                                                                                                                                                                                                                                                                                                                                                                                                                                                                        <\/p>\n","protected":false},"excerpt":{"rendered":"<p>SHORT ELLESSE ROULLE WHITE<\/p>\n","protected":false},"featured_media":51369,"template":"","meta":[],"product_brand":[],"product_cat":[246],"product_tag":[52],"class_list":{"0":"post-36742","1":"product","2":"type-product","3":"status-publish","4":"has-post-thumbnail","6":"product_cat-hombre_textil_banadores","7":"product_tag-ellesse","8":"pa_color-unico","9":"pa_talla-l","10":"pa_talla-s","11":"thunk-woo-product-list","12":"opn-qv-enable","13":"open-woo-hover-","14":"open-single-product-tab-horizontal","15":"open-shadow-","16":"open-shadow-hover-","18":"first","19":"instock","20":"shipping-taxable","21":"purchasable","22":"product-type-variable"},"jetpack_sharing_enabled":true,"_links":{"self":[{"href":"https:\/\/www.deporteseli.com\/index.php?rest_route=\/wp\/v2\/product\/36742","targetHints":{"allow":["GET"]}}],"collection":[{"href":"https:\/\/www.deporteseli.com\/index.php?rest_route=\/wp\/v2\/product"}],"about":[{"href":"https:\/\/www.deporteseli.com\/index.php?rest_route=\/wp\/v2\/types\/product"}],"wp:featuredmedia":[{"embeddable":true,"href":"https:\/\/www.deporteseli.com\/index.php?rest_route=\/wp\/v2\/media\/51369"}],"wp:attachment":[{"href":"https:\/\/www.deporteseli.com\/index.php?rest_route=%2Fwp%2Fv2%2Fmedia&parent=36742"}],"wp:term":[{"taxonomy":"product_brand","embeddable":true,"href":"https:\/\/www.deporteseli.com\/index.php?rest_route=%2Fwp%2Fv2%2Fproduct_brand&post=36742"},{"taxonomy":"product_cat","embeddable":true,"href":"https:\/\/www.deporteseli.com\/index.php?rest_route=%2Fwp%2Fv2%2Fproduct_cat&post=36742"},{"taxonomy":"product_tag","embeddable":true,"href":"https:\/\/www.deporteseli.com\/index.php?rest_route=%2Fwp%2Fv2%2Fproduct_tag&post=36742"}],"curies":[{"name":"wp","href":"https:\/\/api.w.org\/{rel}","templated":true}]}}