{"id":36739,"date":"2026-01-27T17:19:59","date_gmt":"2026-01-27T17:19:59","guid":{"rendered":"https:\/\/www.deporteseli.com\/?product=short-ellesse-theon-khaki"},"modified":"2026-01-27T17:20:01","modified_gmt":"2026-01-27T17:20:01","slug":"short-ellesse-theon-khaki","status":"publish","type":"product","link":"https:\/\/www.deporteseli.com\/?product=short-ellesse-theon-khaki","title":{"rendered":"SHORT ELLESSE THEON KHAKI"},"content":{"rendered":"<p>Los shorts de ba\u00f1o Theon de ellesse est\u00e1n equipados con las siguientes caracter\u00edsticas:  \u2022 cintura el\u00e1stica con cord\u00f3n ajustable y ojales de metal con la marca  \u2022 2 bolsillos delanteros con entrada lateral  \u2022 cintas repetidas de ellesse en las costuras exteriores  \u2022 bolsillo trasero con ojal de metal en el orificio de drenaje a la derecha del usuario  \u2022 Semi Palla logotipo bordado en la parte inferior izquierda  \u2022 logotipo de ellesse bordado en la parte inferior derecha  \u2022 ajuste holgado  \u2022 exterior: 100 % poliamida                                                                                                                                                                                                                                                                                                                                                                                                                                                                                                                                                                                                                                                                                                                                                                                                                                                                                                                                                                                                                                        <\/p>\n","protected":false},"excerpt":{"rendered":"<p>SHORT ELLESSE THEON KHAKI<\/p>\n","protected":false},"featured_media":51365,"template":"","meta":[],"product_brand":[],"product_cat":[246],"product_tag":[52],"class_list":{"0":"post-36739","1":"product","2":"type-product","3":"status-publish","4":"has-post-thumbnail","6":"product_cat-hombre_textil_banadores","7":"product_tag-ellesse","8":"pa_color-unico","9":"pa_talla-l","10":"pa_talla-s","11":"thunk-woo-product-list","12":"opn-qv-enable","13":"open-woo-hover-","14":"open-single-product-tab-horizontal","15":"open-shadow-","16":"open-shadow-hover-","18":"first","19":"instock","20":"shipping-taxable","21":"purchasable","22":"product-type-variable"},"jetpack_sharing_enabled":true,"_links":{"self":[{"href":"https:\/\/www.deporteseli.com\/index.php?rest_route=\/wp\/v2\/product\/36739","targetHints":{"allow":["GET"]}}],"collection":[{"href":"https:\/\/www.deporteseli.com\/index.php?rest_route=\/wp\/v2\/product"}],"about":[{"href":"https:\/\/www.deporteseli.com\/index.php?rest_route=\/wp\/v2\/types\/product"}],"wp:featuredmedia":[{"embeddable":true,"href":"https:\/\/www.deporteseli.com\/index.php?rest_route=\/wp\/v2\/media\/51365"}],"wp:attachment":[{"href":"https:\/\/www.deporteseli.com\/index.php?rest_route=%2Fwp%2Fv2%2Fmedia&parent=36739"}],"wp:term":[{"taxonomy":"product_brand","embeddable":true,"href":"https:\/\/www.deporteseli.com\/index.php?rest_route=%2Fwp%2Fv2%2Fproduct_brand&post=36739"},{"taxonomy":"product_cat","embeddable":true,"href":"https:\/\/www.deporteseli.com\/index.php?rest_route=%2Fwp%2Fv2%2Fproduct_cat&post=36739"},{"taxonomy":"product_tag","embeddable":true,"href":"https:\/\/www.deporteseli.com\/index.php?rest_route=%2Fwp%2Fv2%2Fproduct_tag&post=36739"}],"curies":[{"name":"wp","href":"https:\/\/api.w.org\/{rel}","templated":true}]}}