{"id":36734,"date":"2026-01-27T17:19:52","date_gmt":"2026-01-27T17:19:52","guid":{"rendered":"https:\/\/www.deporteseli.com\/?product=short-ellesse-cielo-navy-blue"},"modified":"2026-01-27T17:19:55","modified_gmt":"2026-01-27T17:19:55","slug":"short-ellesse-cielo-navy-blue","status":"publish","type":"product","link":"https:\/\/www.deporteseli.com\/?product=short-ellesse-cielo-navy-blue","title":{"rendered":"SHORT ELLESSE CIELO NAVY\/BLUE"},"content":{"rendered":"<p>Ba\u00f1ador Ellesse de rayas azules Cielo Swim Short para hombre fabricado en poli\u00e9ster con s\u00edmbolos bordados, forro interior de red y 3 bolsillos, 2 frontales y otro atr\u00e1s. Si te gusta la ropa de ba\u00f1o c\u00f3moda y con buen secado apuesta por la firma italiana Ellesse.100% Poli\u00e9ster                                                                                                                                                                                                                                                                                                                                                                                                                                                                                                                                                                                                                                                                                                                                                                                                                                                                                                                                                                                                                                        <\/p>\n","protected":false},"excerpt":{"rendered":"<p>SHORT ELLESSE CIELO NAVY\/BLUE<\/p>\n","protected":false},"featured_media":51359,"template":"","meta":[],"product_brand":[],"product_cat":[246],"product_tag":[52],"class_list":{"0":"post-36734","1":"product","2":"type-product","3":"status-publish","4":"has-post-thumbnail","6":"product_cat-hombre_textil_banadores","7":"product_tag-ellesse","8":"pa_color-unico","9":"pa_talla-l","10":"pa_talla-xl","11":"thunk-woo-product-list","12":"opn-qv-enable","13":"open-woo-hover-","14":"open-single-product-tab-horizontal","15":"open-shadow-","16":"open-shadow-hover-","18":"first","19":"instock","20":"shipping-taxable","21":"purchasable","22":"product-type-variable"},"jetpack_sharing_enabled":true,"_links":{"self":[{"href":"https:\/\/www.deporteseli.com\/index.php?rest_route=\/wp\/v2\/product\/36734","targetHints":{"allow":["GET"]}}],"collection":[{"href":"https:\/\/www.deporteseli.com\/index.php?rest_route=\/wp\/v2\/product"}],"about":[{"href":"https:\/\/www.deporteseli.com\/index.php?rest_route=\/wp\/v2\/types\/product"}],"wp:featuredmedia":[{"embeddable":true,"href":"https:\/\/www.deporteseli.com\/index.php?rest_route=\/wp\/v2\/media\/51359"}],"wp:attachment":[{"href":"https:\/\/www.deporteseli.com\/index.php?rest_route=%2Fwp%2Fv2%2Fmedia&parent=36734"}],"wp:term":[{"taxonomy":"product_brand","embeddable":true,"href":"https:\/\/www.deporteseli.com\/index.php?rest_route=%2Fwp%2Fv2%2Fproduct_brand&post=36734"},{"taxonomy":"product_cat","embeddable":true,"href":"https:\/\/www.deporteseli.com\/index.php?rest_route=%2Fwp%2Fv2%2Fproduct_cat&post=36734"},{"taxonomy":"product_tag","embeddable":true,"href":"https:\/\/www.deporteseli.com\/index.php?rest_route=%2Fwp%2Fv2%2Fproduct_tag&post=36734"}],"curies":[{"name":"wp","href":"https:\/\/api.w.org\/{rel}","templated":true}]}}