{"id":36730,"date":"2026-01-27T17:19:48","date_gmt":"2026-01-27T17:19:48","guid":{"rendered":"https:\/\/www.deporteseli.com\/?product=camiseta-essentials"},"modified":"2026-01-27T17:19:49","modified_gmt":"2026-01-27T17:19:49","slug":"camiseta-essentials","status":"publish","type":"product","link":"https:\/\/www.deporteseli.com\/?product=camiseta-essentials","title":{"rendered":"CAMISETA ESSENTIALS"},"content":{"rendered":"<p>CAMISETA ESSENTIALS  B\u00c1SICA COMO NINGUNA  \u00bfQu\u00e9 es m\u00e1s esencial que una camiseta de algod\u00f3n?  Nada! A menos que hablemos de una camiseta de estilo deportivo. Esta camiseta de adidas para j\u00f3venes deportistas es perfecta para ir al cole o para el fin de semana. Su dise\u00f1o cl\u00e1sico combina con todo para que te la puedas poner a diario sin pensarlo dos veces.    Nuestros productos de algod\u00f3n se han fabricado de forma sostenible. Es una de nuestras iniciativas para alcanzar nuestro objetivo de reducir los residuos pl\u00e1sticos.  DETALLES  Corte cl\u00e1sico  Cuello redondo  Punto 100% algod\u00f3n  Tacto suave  Color del art\u00edculo: White \/ Black  N\u00famero de art\u00edculo: GN4002                                                                                                                                                                                                                                                                                                                                                                                                                                                                                                                                                                                                                                                                                                                                                                                                                                                                                                                                                                                                                                        <\/p>\n","protected":false},"excerpt":{"rendered":"<p>CAMISETA ESSENTIALS<\/p>\n","protected":false},"featured_media":51352,"template":"","meta":[],"product_brand":[],"product_cat":[296],"product_tag":[18],"class_list":{"0":"post-36730","1":"product","2":"type-product","3":"status-publish","4":"has-post-thumbnail","6":"product_cat-nino_textil_camisetas","7":"product_tag-adidas","8":"pa_color-unico","9":"pa_talla-t-8","10":"thunk-woo-product-list","11":"opn-qv-enable","12":"open-woo-hover-","13":"open-single-product-tab-horizontal","14":"open-shadow-","15":"open-shadow-hover-","17":"first","18":"instock","19":"shipping-taxable","20":"purchasable","21":"product-type-variable"},"jetpack_sharing_enabled":true,"_links":{"self":[{"href":"https:\/\/www.deporteseli.com\/index.php?rest_route=\/wp\/v2\/product\/36730","targetHints":{"allow":["GET"]}}],"collection":[{"href":"https:\/\/www.deporteseli.com\/index.php?rest_route=\/wp\/v2\/product"}],"about":[{"href":"https:\/\/www.deporteseli.com\/index.php?rest_route=\/wp\/v2\/types\/product"}],"wp:featuredmedia":[{"embeddable":true,"href":"https:\/\/www.deporteseli.com\/index.php?rest_route=\/wp\/v2\/media\/51352"}],"wp:attachment":[{"href":"https:\/\/www.deporteseli.com\/index.php?rest_route=%2Fwp%2Fv2%2Fmedia&parent=36730"}],"wp:term":[{"taxonomy":"product_brand","embeddable":true,"href":"https:\/\/www.deporteseli.com\/index.php?rest_route=%2Fwp%2Fv2%2Fproduct_brand&post=36730"},{"taxonomy":"product_cat","embeddable":true,"href":"https:\/\/www.deporteseli.com\/index.php?rest_route=%2Fwp%2Fv2%2Fproduct_cat&post=36730"},{"taxonomy":"product_tag","embeddable":true,"href":"https:\/\/www.deporteseli.com\/index.php?rest_route=%2Fwp%2Fv2%2Fproduct_tag&post=36730"}],"curies":[{"name":"wp","href":"https:\/\/api.w.org\/{rel}","templated":true}]}}