{"id":36673,"date":"2026-01-27T17:18:39","date_gmt":"2026-01-27T17:18:39","guid":{"rendered":"https:\/\/www.deporteseli.com\/?product=adidas-club-pantalones-cortos-tejidos-elastic"},"modified":"2026-01-27T17:18:41","modified_gmt":"2026-01-27T17:18:41","slug":"adidas-club-pantalones-cortos-tejidos-elastic","status":"publish","type":"product","link":"https:\/\/www.deporteseli.com\/?product=adidas-club-pantalones-cortos-tejidos-elastic","title":{"rendered":"ADIDAS CLUB PANTALONES CORTOS TEJIDOS EL\u00e1STIC"},"content":{"rendered":"<p>Detalles:    Cintura elastica y regulable  Dos bolsillos laterales sin cremallera  Largo entrepierna: 18 cm  logotipo de adidas estampado  Ajuste regular  Tejido: 86% poli\u00e9ster, 14% elastano     AEROREADY  La tecnolog\u00eda AEROREADY permite que la piel permanezca fresca y seca mientras el sudor se evapora en la superficie de la prenda.    Primegreen  L\u00ednea de materiales de alto rendimiento elaborados con materias primas recicladas, utilizados para renovar los m\u00e9todos de producci\u00f3n y ofrecer una opci\u00f3n m\u00e1s eco-sostenible.                                                                                                                                                                                                                                                                                                                                                                                                                                                                                                                                                                                                                                                                                                                                                                                                                                                                                                                                                                                                                                        <\/p>\n","protected":false},"excerpt":{"rendered":"<p>ADIDAS CLUB PANTALONES CORTOS TEJIDOS EL\u00e1STIC<\/p>\n","protected":false},"featured_media":51321,"template":"","meta":[],"product_brand":[],"product_cat":[365],"product_tag":[18],"class_list":{"0":"post-36673","1":"product","2":"type-product","3":"status-publish","4":"has-post-thumbnail","6":"product_cat-padel_y_tenis_textil_shorts","7":"product_tag-adidas","8":"pa_color-unico","9":"pa_talla-l","10":"pa_talla-xl","11":"thunk-woo-product-list","12":"opn-qv-enable","13":"open-woo-hover-","14":"open-single-product-tab-horizontal","15":"open-shadow-","16":"open-shadow-hover-","18":"first","19":"instock","20":"shipping-taxable","21":"purchasable","22":"product-type-variable"},"jetpack_sharing_enabled":true,"_links":{"self":[{"href":"https:\/\/www.deporteseli.com\/index.php?rest_route=\/wp\/v2\/product\/36673","targetHints":{"allow":["GET"]}}],"collection":[{"href":"https:\/\/www.deporteseli.com\/index.php?rest_route=\/wp\/v2\/product"}],"about":[{"href":"https:\/\/www.deporteseli.com\/index.php?rest_route=\/wp\/v2\/types\/product"}],"wp:featuredmedia":[{"embeddable":true,"href":"https:\/\/www.deporteseli.com\/index.php?rest_route=\/wp\/v2\/media\/51321"}],"wp:attachment":[{"href":"https:\/\/www.deporteseli.com\/index.php?rest_route=%2Fwp%2Fv2%2Fmedia&parent=36673"}],"wp:term":[{"taxonomy":"product_brand","embeddable":true,"href":"https:\/\/www.deporteseli.com\/index.php?rest_route=%2Fwp%2Fv2%2Fproduct_brand&post=36673"},{"taxonomy":"product_cat","embeddable":true,"href":"https:\/\/www.deporteseli.com\/index.php?rest_route=%2Fwp%2Fv2%2Fproduct_cat&post=36673"},{"taxonomy":"product_tag","embeddable":true,"href":"https:\/\/www.deporteseli.com\/index.php?rest_route=%2Fwp%2Fv2%2Fproduct_tag&post=36673"}],"curies":[{"name":"wp","href":"https:\/\/api.w.org\/{rel}","templated":true}]}}