{"id":36671,"date":"2026-01-27T17:18:36","date_gmt":"2026-01-27T17:18:36","guid":{"rendered":"https:\/\/www.deporteseli.com\/?product=banador-slip-wording"},"modified":"2026-01-27T17:18:38","modified_gmt":"2026-01-27T17:18:38","slug":"banador-slip-wording","status":"publish","type":"product","link":"https:\/\/www.deporteseli.com\/?product=banador-slip-wording","title":{"rendered":"BA\u00f1ADOR SLIP WORDING"},"content":{"rendered":"<p>BA\u00d1ADOR SLIP WORDING  DESL\u00cdZATE C\u00d3MODAMENTE POR TU CALLE  Demuestra tu pasi\u00f3n por adidas con este ba\u00f1ador tipo slip. Se ha confeccionado en un tejido suave y ligero que te mantiene c\u00f3modo en tu calle o en el trampol\u00edn. El logotipo de adidas con un estampado ondulado le confiere un estilo deportivo aut\u00e9ntico.    Esta prenda se ha confeccionado con hilo ECONYL\u00ae reciclado y resistente al cloro.  DETALLES  Corte cl\u00e1sico  Cintura el\u00e1stica con cord\u00f3n interior  Punto 78% nailon reciclado \/ 22% elast\u00e1n  Tejido ultraplano y suave  Tejido Infinitex Fitness Eco resistente al cloro  Secado r\u00e1pido  Color del art\u00edculo: Black  N\u00famero de art\u00edculo: HA0334                                                                                                                                                                                                                                                                                                                                                                                                                                                                                                                                                                                                                                                                                                                                                                                                                                                                                                                                                                                                                                        <\/p>\n","protected":false},"excerpt":{"rendered":"<p>BA\u00f1ADOR SLIP WORDING<\/p>\n","protected":false},"featured_media":51316,"template":"","meta":[],"product_brand":[],"product_cat":[246],"product_tag":[18],"class_list":{"0":"post-36671","1":"product","2":"type-product","3":"status-publish","4":"has-post-thumbnail","6":"product_cat-hombre_textil_banadores","7":"product_tag-adidas","8":"pa_color-unico","9":"pa_talla-s","10":"thunk-woo-product-list","11":"opn-qv-enable","12":"open-woo-hover-","13":"open-single-product-tab-horizontal","14":"open-shadow-","15":"open-shadow-hover-","17":"first","18":"instock","19":"shipping-taxable","20":"purchasable","21":"product-type-variable"},"jetpack_sharing_enabled":true,"_links":{"self":[{"href":"https:\/\/www.deporteseli.com\/index.php?rest_route=\/wp\/v2\/product\/36671","targetHints":{"allow":["GET"]}}],"collection":[{"href":"https:\/\/www.deporteseli.com\/index.php?rest_route=\/wp\/v2\/product"}],"about":[{"href":"https:\/\/www.deporteseli.com\/index.php?rest_route=\/wp\/v2\/types\/product"}],"wp:featuredmedia":[{"embeddable":true,"href":"https:\/\/www.deporteseli.com\/index.php?rest_route=\/wp\/v2\/media\/51316"}],"wp:attachment":[{"href":"https:\/\/www.deporteseli.com\/index.php?rest_route=%2Fwp%2Fv2%2Fmedia&parent=36671"}],"wp:term":[{"taxonomy":"product_brand","embeddable":true,"href":"https:\/\/www.deporteseli.com\/index.php?rest_route=%2Fwp%2Fv2%2Fproduct_brand&post=36671"},{"taxonomy":"product_cat","embeddable":true,"href":"https:\/\/www.deporteseli.com\/index.php?rest_route=%2Fwp%2Fv2%2Fproduct_cat&post=36671"},{"taxonomy":"product_tag","embeddable":true,"href":"https:\/\/www.deporteseli.com\/index.php?rest_route=%2Fwp%2Fv2%2Fproduct_tag&post=36671"}],"curies":[{"name":"wp","href":"https:\/\/api.w.org\/{rel}","templated":true}]}}