{"id":36668,"date":"2026-01-27T17:18:33","date_gmt":"2026-01-27T17:18:33","guid":{"rendered":"https:\/\/www.deporteseli.com\/?product=banador-solid"},"modified":"2026-01-27T17:18:35","modified_gmt":"2026-01-27T17:18:35","slug":"banador-solid","status":"publish","type":"product","link":"https:\/\/www.deporteseli.com\/?product=banador-solid","title":{"rendered":"BA\u00f1ADOR SOLID"},"content":{"rendered":"<p>BA\u00d1ADOR SOLID  ESTILO CL\u00c1SICO PARA LA PISCINA O LA PLAYA  Mantente c\u00f3modo mientras exploras un arrecife de coral o caminas por la playa con este ba\u00f1ador adidas. Su tejido t\u00e9cnico es ligero y se seca r\u00e1pidamente al salir del agua. El calzoncillo de malla integrado ofrece mayor sujeci\u00f3n y cobertura.    Este producto se ha fabricado con Primegreen, una combinaci\u00f3n de materiales reciclados de alto rendimiento.  DETALLES  Longitud: 40 cm (talla M)  cintura el\u00e1stica con cord\u00f3n  tejido t\u00e9cnico 100% poli\u00e9ster reciclado con acabado sin fluorocarbonos que repele el agua  Calzoncillo interior de malla  Bolsillos laterales  Secado r\u00e1pido  Primegreen  Color del art\u00edculo: Legend Ink  N\u00famero de art\u00edculo: GQ1084                                                                                                                                                                                                                                                                                                                                                                                                                                                                                                                                                                                                                                                                                                                                                                                                                                                                                                                                                                                                                                        <\/p>\n","protected":false},"excerpt":{"rendered":"<p>BA\u00f1ADOR SOLID<\/p>\n","protected":false},"featured_media":51311,"template":"","meta":[],"product_brand":[],"product_cat":[246],"product_tag":[18],"class_list":{"0":"post-36668","1":"product","2":"type-product","3":"status-publish","4":"has-post-thumbnail","6":"product_cat-hombre_textil_banadores","7":"product_tag-adidas","8":"pa_color-unico","9":"pa_talla-s","10":"pa_talla-xl","11":"thunk-woo-product-list","12":"opn-qv-enable","13":"open-woo-hover-","14":"open-single-product-tab-horizontal","15":"open-shadow-","16":"open-shadow-hover-","18":"first","19":"instock","20":"shipping-taxable","21":"purchasable","22":"product-type-variable"},"jetpack_sharing_enabled":true,"_links":{"self":[{"href":"https:\/\/www.deporteseli.com\/index.php?rest_route=\/wp\/v2\/product\/36668","targetHints":{"allow":["GET"]}}],"collection":[{"href":"https:\/\/www.deporteseli.com\/index.php?rest_route=\/wp\/v2\/product"}],"about":[{"href":"https:\/\/www.deporteseli.com\/index.php?rest_route=\/wp\/v2\/types\/product"}],"wp:featuredmedia":[{"embeddable":true,"href":"https:\/\/www.deporteseli.com\/index.php?rest_route=\/wp\/v2\/media\/51311"}],"wp:attachment":[{"href":"https:\/\/www.deporteseli.com\/index.php?rest_route=%2Fwp%2Fv2%2Fmedia&parent=36668"}],"wp:term":[{"taxonomy":"product_brand","embeddable":true,"href":"https:\/\/www.deporteseli.com\/index.php?rest_route=%2Fwp%2Fv2%2Fproduct_brand&post=36668"},{"taxonomy":"product_cat","embeddable":true,"href":"https:\/\/www.deporteseli.com\/index.php?rest_route=%2Fwp%2Fv2%2Fproduct_cat&post=36668"},{"taxonomy":"product_tag","embeddable":true,"href":"https:\/\/www.deporteseli.com\/index.php?rest_route=%2Fwp%2Fv2%2Fproduct_tag&post=36668"}],"curies":[{"name":"wp","href":"https:\/\/api.w.org\/{rel}","templated":true}]}}