{"id":36657,"date":"2026-01-27T17:18:13","date_gmt":"2026-01-27T17:18:13","guid":{"rendered":"https:\/\/www.deporteseli.com\/?product=adidas-ninos-tenis-tensaur-i-azules-gw9082"},"modified":"2026-02-16T10:53:50","modified_gmt":"2026-02-16T10:53:50","slug":"adidas-ninos-tenis-tensaur-i-azules-gw9082","status":"publish","type":"product","link":"https:\/\/www.deporteseli.com\/?product=adidas-ninos-tenis-tensaur-i-azules-gw9082","title":{"rendered":"ADIDAS NI\u00f1OS TENIS TENSAUR I AZULES GW9082"},"content":{"rendered":"<p>Descripci\u00f3n del Art\u00edculo  Fabricante: ADIDAS  C\u00f3digo de producto: GW9082  G\u00e9nero: Para ni\u00f1os  Exterior: Ecopiel \/ Textil  Plantilla: Textil  Suela: Sint\u00e9tico de alta calidad  Color: Azul    Zapatillas Adidas Ni\u00f1os Tensaur I Azules GW9082. Suave, ligero y duradero. Material duradero, suela de goma no lubricante. Tiras adhesivas tipo velcro. Las zapatillas de deporte para ni\u00f1os son especialmente adecuadas para viajes por la naturaleza o para el ocio activo en el jard\u00edn.                                                                                                                                                                                                                                                                                                                                                                                                                                                                                                                                                                                                                                                                                                                                                                                                                                                                                                                                                                                                                                        <\/p>\n","protected":false},"excerpt":{"rendered":"<p>ADIDAS NI\u00f1OS TENIS TENSAUR I AZULES GW9082<\/p>\n","protected":false},"featured_media":51289,"template":"","meta":[],"product_brand":[],"product_cat":[237],"product_tag":[18],"class_list":{"0":"post-36657","1":"product","2":"type-product","3":"status-publish","4":"has-post-thumbnail","6":"product_cat-outlet_calzado","7":"product_tag-adidas","8":"pa_color-unico","9":"pa_talla-115","10":"thunk-woo-product-list","11":"opn-qv-enable","12":"open-woo-hover-","13":"open-single-product-tab-horizontal","14":"open-shadow-","15":"open-shadow-hover-","17":"first","18":"instock","19":"shipping-taxable","20":"purchasable","21":"product-type-variable"},"jetpack_sharing_enabled":true,"_links":{"self":[{"href":"https:\/\/www.deporteseli.com\/index.php?rest_route=\/wp\/v2\/product\/36657","targetHints":{"allow":["GET"]}}],"collection":[{"href":"https:\/\/www.deporteseli.com\/index.php?rest_route=\/wp\/v2\/product"}],"about":[{"href":"https:\/\/www.deporteseli.com\/index.php?rest_route=\/wp\/v2\/types\/product"}],"wp:featuredmedia":[{"embeddable":true,"href":"https:\/\/www.deporteseli.com\/index.php?rest_route=\/wp\/v2\/media\/51289"}],"wp:attachment":[{"href":"https:\/\/www.deporteseli.com\/index.php?rest_route=%2Fwp%2Fv2%2Fmedia&parent=36657"}],"wp:term":[{"taxonomy":"product_brand","embeddable":true,"href":"https:\/\/www.deporteseli.com\/index.php?rest_route=%2Fwp%2Fv2%2Fproduct_brand&post=36657"},{"taxonomy":"product_cat","embeddable":true,"href":"https:\/\/www.deporteseli.com\/index.php?rest_route=%2Fwp%2Fv2%2Fproduct_cat&post=36657"},{"taxonomy":"product_tag","embeddable":true,"href":"https:\/\/www.deporteseli.com\/index.php?rest_route=%2Fwp%2Fv2%2Fproduct_tag&post=36657"}],"curies":[{"name":"wp","href":"https:\/\/api.w.org\/{rel}","templated":true}]}}