{"id":36653,"date":"2026-01-27T17:18:08","date_gmt":"2026-01-27T17:18:08","guid":{"rendered":"https:\/\/www.deporteseli.com\/?product=balon-hummel-energizer-hb-no2"},"modified":"2026-03-21T05:18:03","modified_gmt":"2026-03-21T05:18:03","slug":"balon-hummel-energizer-hb-no2","status":"publish","type":"product","link":"https:\/\/www.deporteseli.com\/?product=balon-hummel-energizer-hb-no2","title":{"rendered":"BAL\u00f3N HUMMEL ENERGIZER HB N\u00ba2"},"content":{"rendered":"<p>Bola Hummel energizer hbSube la apuesta con este bal\u00f3n hummel\u00ae para todas tus necesidades de entrenamiento y pr\u00e1ctica. ElENERGIZER HB cuenta con una vejiga de l\u00e1tex con v\u00e1lvula de purga de aire para una excelente retenci\u00f3n de la forma, as\u00ed como una suave superficie exterior de espuma 100% PU con el caracter\u00edstico estampado chevron. Este bal\u00f3n de balonmano es apto para la resina y viene con una garant\u00eda de dos a\u00f1os en sus costuras y forma, lo que le permite jugar con confianza.Bal\u00f3n de entrenamientoEspuma blanda de PU, apta para resinaVejiga de l\u00e1tex con v\u00e1lvula de purga de aireDos a\u00f1os de garant\u00eda en las costuras y la forma                                                                                                                                                                                                                                                                                                                                                                                                                                                                                                                                                                                                                                                                                                                                                                                                                                                                                                                                                                                                                                        <\/p>\n","protected":false},"excerpt":{"rendered":"<p>BAL\u00f3N HUMMEL ENERGIZER HB N\u00ba2<\/p>\n","protected":false},"featured_media":51286,"template":"","meta":[],"product_brand":[],"product_cat":[347],"product_tag":[55],"class_list":{"0":"post-36653","1":"product","2":"type-product","3":"status-publish","4":"has-post-thumbnail","6":"product_cat-deportes_balones","7":"product_tag-hummel","8":"pa_color-unico","9":"pa_talla-104","10":"pa_talla-167","11":"pa_talla-unica","12":"thunk-woo-product-list","13":"opn-qv-enable","14":"open-woo-hover-","15":"open-single-product-tab-horizontal","16":"open-shadow-","17":"open-shadow-hover-","19":"first","20":"instock","21":"shipping-taxable","22":"purchasable","23":"product-type-variable"},"jetpack_sharing_enabled":true,"_links":{"self":[{"href":"https:\/\/www.deporteseli.com\/index.php?rest_route=\/wp\/v2\/product\/36653","targetHints":{"allow":["GET"]}}],"collection":[{"href":"https:\/\/www.deporteseli.com\/index.php?rest_route=\/wp\/v2\/product"}],"about":[{"href":"https:\/\/www.deporteseli.com\/index.php?rest_route=\/wp\/v2\/types\/product"}],"wp:featuredmedia":[{"embeddable":true,"href":"https:\/\/www.deporteseli.com\/index.php?rest_route=\/wp\/v2\/media\/51286"}],"wp:attachment":[{"href":"https:\/\/www.deporteseli.com\/index.php?rest_route=%2Fwp%2Fv2%2Fmedia&parent=36653"}],"wp:term":[{"taxonomy":"product_brand","embeddable":true,"href":"https:\/\/www.deporteseli.com\/index.php?rest_route=%2Fwp%2Fv2%2Fproduct_brand&post=36653"},{"taxonomy":"product_cat","embeddable":true,"href":"https:\/\/www.deporteseli.com\/index.php?rest_route=%2Fwp%2Fv2%2Fproduct_cat&post=36653"},{"taxonomy":"product_tag","embeddable":true,"href":"https:\/\/www.deporteseli.com\/index.php?rest_route=%2Fwp%2Fv2%2Fproduct_tag&post=36653"}],"curies":[{"name":"wp","href":"https:\/\/api.w.org\/{rel}","templated":true}]}}