{"id":36645,"date":"2026-01-27T17:17:56","date_gmt":"2026-01-27T17:17:56","guid":{"rendered":"https:\/\/www.deporteseli.com\/?product=pantalon-corto-reebok-identity"},"modified":"2026-01-27T17:17:58","modified_gmt":"2026-01-27T17:17:58","slug":"pantalon-corto-reebok-identity","status":"publish","type":"product","link":"https:\/\/www.deporteseli.com\/?product=pantalon-corto-reebok-identity","title":{"rendered":"PANTAL\u00f3N CORTO REEBOK IDENTITY"},"content":{"rendered":"<p>PANTAL\u00d3N CORTO REEBOK IDENTITY  UN PANTAL\u00d3N CORTO DE FELPA PARA UN CONFORT DIARIO.  Luce un estilo deportivo incluso cuando no est\u00e9s en el gym. Este pantal\u00f3n corto para hombre viene con un corte ajustado que estiliza. Est\u00e1 confeccionado con tejido de felpa para un m\u00e1ximo confort. Los bolsillos para las manos y el logo bordado completan el look.  DETALLES  Corte ajustado.  Cintura el\u00e1stica con cord\u00f3n ajustable.  Felpa, 80 % algod\u00f3n \/ 20 % poli\u00e9ster reciclado.  Bolsillos delanteros.  Color del art\u00edculo: Rhodonite  N\u00famero de art\u00edculo: HB2165                                                                                                                                                                                                                                                                                                                                                                                                                                                                                                                                                                                                                                                                                                                                                                                                                                                                                                                                                                                                                                        <\/p>\n","protected":false},"excerpt":{"rendered":"<p>PANTAL\u00f3N CORTO REEBOK IDENTITY<\/p>\n","protected":false},"featured_media":51274,"template":"","meta":[],"product_brand":[],"product_cat":[250],"product_tag":[41],"class_list":{"0":"post-36645","1":"product","2":"type-product","3":"status-publish","4":"has-post-thumbnail","6":"product_cat-hombre_textil_bermudas","7":"product_tag-reebok","8":"pa_color-unico","9":"pa_talla-s","10":"thunk-woo-product-list","11":"opn-qv-enable","12":"open-woo-hover-","13":"open-single-product-tab-horizontal","14":"open-shadow-","15":"open-shadow-hover-","17":"first","18":"instock","19":"shipping-taxable","20":"purchasable","21":"product-type-variable"},"jetpack_sharing_enabled":true,"_links":{"self":[{"href":"https:\/\/www.deporteseli.com\/index.php?rest_route=\/wp\/v2\/product\/36645","targetHints":{"allow":["GET"]}}],"collection":[{"href":"https:\/\/www.deporteseli.com\/index.php?rest_route=\/wp\/v2\/product"}],"about":[{"href":"https:\/\/www.deporteseli.com\/index.php?rest_route=\/wp\/v2\/types\/product"}],"wp:featuredmedia":[{"embeddable":true,"href":"https:\/\/www.deporteseli.com\/index.php?rest_route=\/wp\/v2\/media\/51274"}],"wp:attachment":[{"href":"https:\/\/www.deporteseli.com\/index.php?rest_route=%2Fwp%2Fv2%2Fmedia&parent=36645"}],"wp:term":[{"taxonomy":"product_brand","embeddable":true,"href":"https:\/\/www.deporteseli.com\/index.php?rest_route=%2Fwp%2Fv2%2Fproduct_brand&post=36645"},{"taxonomy":"product_cat","embeddable":true,"href":"https:\/\/www.deporteseli.com\/index.php?rest_route=%2Fwp%2Fv2%2Fproduct_cat&post=36645"},{"taxonomy":"product_tag","embeddable":true,"href":"https:\/\/www.deporteseli.com\/index.php?rest_route=%2Fwp%2Fv2%2Fproduct_tag&post=36645"}],"curies":[{"name":"wp","href":"https:\/\/api.w.org\/{rel}","templated":true}]}}