{"id":36641,"date":"2026-01-27T17:17:51","date_gmt":"2026-01-27T17:17:51","guid":{"rendered":"https:\/\/www.deporteseli.com\/?product=reebok-xt-sprinter-2"},"modified":"2026-04-12T04:17:16","modified_gmt":"2026-04-12T04:17:16","slug":"reebok-xt-sprinter-2","status":"publish","type":"product","link":"https:\/\/www.deporteseli.com\/?product=reebok-xt-sprinter-2","title":{"rendered":"REEBOK XT SPRINTER 2"},"content":{"rendered":"<p>REEBOK XT SPRINTER 2  UNA ZAPATILLA LIGERA PARA USO DIARIO CON UNA AMORTIGUACI\u00d3N C\u00d3MODA.  Comodidad total para los pies m\u00e1s peque\u00f1os. Esta zapatilla de running para ni\u00f1os peque\u00f1os toma el ADN de las zapatillas de running m\u00e1s avanzadas y lo aplica a una zapatilla para uso diario. La parte superior textil es tan ligera que nada lo detendr\u00e1. El cierre de cordones el\u00e1sticos hace que ponerla y quitarla sea como un juego de ni\u00f1os. La espuma EVA proporciona una amortiguaci\u00f3n duradera para que den sus primeros pasos.  DETALLES  Parte superior de tela.  Cierre de cordones el\u00e1sticos.  Mediasuela de EVA.  Suela de EVA.  Color del art\u00edculo: Core Black \/ Solar Lime \/ Cloud White  N\u00famero de art\u00edculo: GW0050                                                                                                                                                                                                                                                                                                                                                                                                                                                                                                                                                                                                                                                                                                                                                                                                                                                                                                                                                                                                                                        <\/p>\n","protected":false},"excerpt":{"rendered":"<p>REEBOK XT SPRINTER 2<\/p>\n","protected":false},"featured_media":51269,"template":"","meta":[],"product_brand":[],"product_cat":[237],"product_tag":[41],"class_list":{"0":"post-36641","1":"product","2":"type-product","3":"status-publish","4":"has-post-thumbnail","6":"product_cat-outlet_calzado","7":"product_tag-reebok","8":"pa_color-unico","9":"pa_talla-23-5","10":"pa_talla-t-20","11":"pa_talla-t-21","12":"thunk-woo-product-list","13":"opn-qv-enable","14":"open-woo-hover-","15":"open-single-product-tab-horizontal","16":"open-shadow-","17":"open-shadow-hover-","19":"first","20":"instock","21":"shipping-taxable","22":"purchasable","23":"product-type-variable"},"jetpack_sharing_enabled":true,"_links":{"self":[{"href":"https:\/\/www.deporteseli.com\/index.php?rest_route=\/wp\/v2\/product\/36641","targetHints":{"allow":["GET"]}}],"collection":[{"href":"https:\/\/www.deporteseli.com\/index.php?rest_route=\/wp\/v2\/product"}],"about":[{"href":"https:\/\/www.deporteseli.com\/index.php?rest_route=\/wp\/v2\/types\/product"}],"wp:featuredmedia":[{"embeddable":true,"href":"https:\/\/www.deporteseli.com\/index.php?rest_route=\/wp\/v2\/media\/51269"}],"wp:attachment":[{"href":"https:\/\/www.deporteseli.com\/index.php?rest_route=%2Fwp%2Fv2%2Fmedia&parent=36641"}],"wp:term":[{"taxonomy":"product_brand","embeddable":true,"href":"https:\/\/www.deporteseli.com\/index.php?rest_route=%2Fwp%2Fv2%2Fproduct_brand&post=36641"},{"taxonomy":"product_cat","embeddable":true,"href":"https:\/\/www.deporteseli.com\/index.php?rest_route=%2Fwp%2Fv2%2Fproduct_cat&post=36641"},{"taxonomy":"product_tag","embeddable":true,"href":"https:\/\/www.deporteseli.com\/index.php?rest_route=%2Fwp%2Fv2%2Fproduct_tag&post=36641"}],"curies":[{"name":"wp","href":"https:\/\/api.w.org\/{rel}","templated":true}]}}