{"id":36639,"date":"2026-01-27T17:17:47","date_gmt":"2026-01-27T17:17:47","guid":{"rendered":"https:\/\/www.deporteseli.com\/?product=reebok-rush-runner-4-2"},"modified":"2026-02-10T19:30:59","modified_gmt":"2026-02-10T19:30:59","slug":"reebok-rush-runner-4-2","status":"publish","type":"product","link":"https:\/\/www.deporteseli.com\/?product=reebok-rush-runner-4-2","title":{"rendered":"REEBOK RUSH RUNNER 4"},"content":{"rendered":"<p>REEBOK RUSH RUNNER 4  UNA ZAPATILLA DURADERA PARA PEQUES CON MUCHA MARCHA.  C\u00e1lzale a tu peque esta zapatilla Reebok para ni\u00f1os y estar\u00e1 listo para salir a explorar el mundo. La mediasuela amortiguada eleva el nivel de confort por las nubes. Cuenta con un dise\u00f1o ligero desde el tal\u00f3n a la puntera para que nada le frene cuando salga a conquistar el mundo.  DETALLES  Cierre de cordones.  Parte superior sint\u00e9tica con forro de material textil.  Mediasuela de EVA ligera.  Color del art\u00edculo: Core Black \/ Court Blue \/ Silver Metallic  N\u00famero de art\u00edculo: GV9985                                                                                                                                                                                                                                                                                                                                                                                                                                                                                                                                                                                                                                                                                                                                                                                                                                                                                                                                                                                                                                        <\/p>\n","protected":false},"excerpt":{"rendered":"<p>REEBOK RUSH RUNNER 4<\/p>\n","protected":false},"featured_media":51259,"template":"","meta":[],"product_brand":[],"product_cat":[308],"product_tag":[41],"class_list":{"0":"post-36639","1":"product","2":"type-product","3":"status-publish","4":"has-post-thumbnail","6":"product_cat-nino_calzado_running","7":"product_tag-reebok","8":"pa_color-unico","9":"pa_talla-139","10":"thunk-woo-product-list","11":"opn-qv-enable","12":"open-woo-hover-","13":"open-single-product-tab-horizontal","14":"open-shadow-","15":"open-shadow-hover-","17":"first","18":"instock","19":"shipping-taxable","20":"purchasable","21":"product-type-variable"},"jetpack_sharing_enabled":true,"_links":{"self":[{"href":"https:\/\/www.deporteseli.com\/index.php?rest_route=\/wp\/v2\/product\/36639","targetHints":{"allow":["GET"]}}],"collection":[{"href":"https:\/\/www.deporteseli.com\/index.php?rest_route=\/wp\/v2\/product"}],"about":[{"href":"https:\/\/www.deporteseli.com\/index.php?rest_route=\/wp\/v2\/types\/product"}],"wp:featuredmedia":[{"embeddable":true,"href":"https:\/\/www.deporteseli.com\/index.php?rest_route=\/wp\/v2\/media\/51259"}],"wp:attachment":[{"href":"https:\/\/www.deporteseli.com\/index.php?rest_route=%2Fwp%2Fv2%2Fmedia&parent=36639"}],"wp:term":[{"taxonomy":"product_brand","embeddable":true,"href":"https:\/\/www.deporteseli.com\/index.php?rest_route=%2Fwp%2Fv2%2Fproduct_brand&post=36639"},{"taxonomy":"product_cat","embeddable":true,"href":"https:\/\/www.deporteseli.com\/index.php?rest_route=%2Fwp%2Fv2%2Fproduct_cat&post=36639"},{"taxonomy":"product_tag","embeddable":true,"href":"https:\/\/www.deporteseli.com\/index.php?rest_route=%2Fwp%2Fv2%2Fproduct_tag&post=36639"}],"curies":[{"name":"wp","href":"https:\/\/api.w.org\/{rel}","templated":true}]}}