{"id":36629,"date":"2026-01-27T17:17:31","date_gmt":"2026-01-27T17:17:31","guid":{"rendered":"https:\/\/www.deporteseli.com\/?product=cholas-ipanema-83185-23100"},"modified":"2026-04-09T04:17:20","modified_gmt":"2026-04-09T04:17:20","slug":"cholas-ipanema-83185-23100","status":"publish","type":"product","link":"https:\/\/www.deporteseli.com\/?product=cholas-ipanema-83185-23100","title":{"rendered":"CHOLAS IPANEMA 83185-23100"},"content":{"rendered":"<p>Zapatilla infantil Ipanema Classic kids X  El Ipanema classic kids X   es la versi\u00f3n infantil del cl\u00e1sico entre los cl\u00e1sicos con estampado en la suela. Las zapatillas tienen correas resistentes y una plantilla suave. Los Ipanema Classic Brasil est\u00e1n fabricados con Flexpand reciclado. Un material \u00fanico que adem\u00e1s es Vegano.    N\u00famero de art\u00edculo: IP 83185                                                                                                                                                                                                                                                                                                                                                                                                                                                                                                                                                                                                                                                                                                                                                                                                                                                                                                                                                                                                                                        <\/p>\n","protected":false},"excerpt":{"rendered":"<p>CHOLAS IPANEMA 83185-23100<\/p>\n","protected":false},"featured_media":51242,"template":"","meta":[],"product_brand":[],"product_cat":[314],"product_tag":[66],"class_list":{"0":"post-36629","1":"product","2":"type-product","3":"status-publish","4":"has-post-thumbnail","6":"product_cat-nino_calzado_cholas","7":"product_tag-ipanema","8":"pa_color-unico","9":"pa_talla-121","10":"pa_talla-125","11":"pa_talla-129","12":"pa_talla-137","13":"pa_talla-143","14":"thunk-woo-product-list","15":"opn-qv-enable","16":"open-woo-hover-","17":"open-single-product-tab-horizontal","18":"open-shadow-","19":"open-shadow-hover-","21":"first","22":"instock","23":"shipping-taxable","24":"purchasable","25":"product-type-variable"},"jetpack_sharing_enabled":true,"_links":{"self":[{"href":"https:\/\/www.deporteseli.com\/index.php?rest_route=\/wp\/v2\/product\/36629","targetHints":{"allow":["GET"]}}],"collection":[{"href":"https:\/\/www.deporteseli.com\/index.php?rest_route=\/wp\/v2\/product"}],"about":[{"href":"https:\/\/www.deporteseli.com\/index.php?rest_route=\/wp\/v2\/types\/product"}],"wp:featuredmedia":[{"embeddable":true,"href":"https:\/\/www.deporteseli.com\/index.php?rest_route=\/wp\/v2\/media\/51242"}],"wp:attachment":[{"href":"https:\/\/www.deporteseli.com\/index.php?rest_route=%2Fwp%2Fv2%2Fmedia&parent=36629"}],"wp:term":[{"taxonomy":"product_brand","embeddable":true,"href":"https:\/\/www.deporteseli.com\/index.php?rest_route=%2Fwp%2Fv2%2Fproduct_brand&post=36629"},{"taxonomy":"product_cat","embeddable":true,"href":"https:\/\/www.deporteseli.com\/index.php?rest_route=%2Fwp%2Fv2%2Fproduct_cat&post=36629"},{"taxonomy":"product_tag","embeddable":true,"href":"https:\/\/www.deporteseli.com\/index.php?rest_route=%2Fwp%2Fv2%2Fproduct_tag&post=36629"}],"curies":[{"name":"wp","href":"https:\/\/api.w.org\/{rel}","templated":true}]}}