{"id":36622,"date":"2026-01-27T17:17:22","date_gmt":"2026-01-27T17:17:22","guid":{"rendered":"https:\/\/www.deporteseli.com\/?product=cholas-rider-83066-21567"},"modified":"2026-03-13T05:18:01","modified_gmt":"2026-03-13T05:18:01","slug":"cholas-rider-83066-21567","status":"publish","type":"product","link":"https:\/\/www.deporteseli.com\/?product=cholas-rider-83066-21567","title":{"rendered":"CHOLAS RIDER 83066-21567"},"content":{"rendered":"<p>Material y cuidado  Parte superior: Imitaci\u00f3n de cuero &#8211; Imitaci\u00f3n de cuero, Sint\u00e9tico &#8211; Sint\u00e9tico de calidad  Interior: Tejido  Plantilla: Material sint\u00e9tico  Suela: Material de alta calidad  Tecnolog\u00edas: Vegan Friendly  Contiene partes no textiles de origen animal: No  Dise\u00f1o y estilo  Color: Negro  Tipo de cierre: Velcro  Plantilla extra\u00edble: No  Tipo de punta: Abierta  Talla y ajuste  Peso del zapato (talla m\u00e1s peque\u00f1a): 134 g  Altura total del zapato: 7,5 cm  Grosor de la suela: 2,5 cm  Detalles del producto  Modelo: Tender XII Kids 83066  Marca: Rider                                                                                                                                                                                                                                                                                                                                                                                                                                                                                                                                                                                                                                                                                                                                                                                                                                                                                                                                                                                                                                        <\/p>\n","protected":false},"excerpt":{"rendered":"<p>CHOLAS RIDER 83066-21567<\/p>\n","protected":false},"featured_media":51240,"template":"","meta":[],"product_brand":[],"product_cat":[314],"product_tag":[67],"class_list":{"0":"post-36622","1":"product","2":"type-product","3":"status-publish","4":"has-post-thumbnail","6":"product_cat-nino_calzado_cholas","7":"product_tag-rider","8":"pa_color-unico","9":"pa_talla-133","10":"pa_talla-139","11":"thunk-woo-product-list","12":"opn-qv-enable","13":"open-woo-hover-","14":"open-single-product-tab-horizontal","15":"open-shadow-","16":"open-shadow-hover-","18":"first","19":"instock","20":"shipping-taxable","21":"purchasable","22":"product-type-variable"},"jetpack_sharing_enabled":true,"_links":{"self":[{"href":"https:\/\/www.deporteseli.com\/index.php?rest_route=\/wp\/v2\/product\/36622","targetHints":{"allow":["GET"]}}],"collection":[{"href":"https:\/\/www.deporteseli.com\/index.php?rest_route=\/wp\/v2\/product"}],"about":[{"href":"https:\/\/www.deporteseli.com\/index.php?rest_route=\/wp\/v2\/types\/product"}],"wp:featuredmedia":[{"embeddable":true,"href":"https:\/\/www.deporteseli.com\/index.php?rest_route=\/wp\/v2\/media\/51240"}],"wp:attachment":[{"href":"https:\/\/www.deporteseli.com\/index.php?rest_route=%2Fwp%2Fv2%2Fmedia&parent=36622"}],"wp:term":[{"taxonomy":"product_brand","embeddable":true,"href":"https:\/\/www.deporteseli.com\/index.php?rest_route=%2Fwp%2Fv2%2Fproduct_brand&post=36622"},{"taxonomy":"product_cat","embeddable":true,"href":"https:\/\/www.deporteseli.com\/index.php?rest_route=%2Fwp%2Fv2%2Fproduct_cat&post=36622"},{"taxonomy":"product_tag","embeddable":true,"href":"https:\/\/www.deporteseli.com\/index.php?rest_route=%2Fwp%2Fv2%2Fproduct_tag&post=36622"}],"curies":[{"name":"wp","href":"https:\/\/api.w.org\/{rel}","templated":true}]}}