{"id":36616,"date":"2026-01-27T17:17:12","date_gmt":"2026-01-27T17:17:12","guid":{"rendered":"https:\/\/www.deporteseli.com\/?product=cholas-ipanema-26751-24911"},"modified":"2026-01-27T17:17:13","modified_gmt":"2026-01-27T17:17:13","slug":"cholas-ipanema-26751-24911","status":"publish","type":"product","link":"https:\/\/www.deporteseli.com\/?product=cholas-ipanema-26751-24911","title":{"rendered":"CHOLAS IPANEMA 26751-24911"},"content":{"rendered":"<p>El glitter de glitter es una de las tendencias fuertes de la temporada y en esta sandalia lo combinamos con el ya reconocido \u00e9xito de la aplicaci\u00f3n de pedrer\u00eda.  La versatilidad y el glamour de la carta de colores es lo m\u00e1s destacado de este lanzamiento!     Modelo:  Ipanema Class Glow Women&#8217;s Sandal 26751  Suela:  suela de PVC expandido de alta calidad                                                                                                                                                                                                                                                                                                                                                                                                                                                                                                                                                                                                                                                                                                                                                                                                                                                                                                                                                                                                                                        <\/p>\n","protected":false},"excerpt":{"rendered":"<p>CHOLAS IPANEMA 26751-24911<\/p>\n","protected":false},"featured_media":51237,"template":"","meta":[],"product_brand":[],"product_cat":[291],"product_tag":[66],"class_list":{"0":"post-36616","1":"product","2":"type-product","3":"status-publish","4":"has-post-thumbnail","6":"product_cat-mujer_calzado_cholas","7":"product_tag-ipanema","8":"pa_color-unico","9":"pa_talla-143","10":"thunk-woo-product-list","11":"opn-qv-enable","12":"open-woo-hover-","13":"open-single-product-tab-horizontal","14":"open-shadow-","15":"open-shadow-hover-","17":"first","18":"instock","19":"shipping-taxable","20":"purchasable","21":"product-type-variable"},"jetpack_sharing_enabled":true,"_links":{"self":[{"href":"https:\/\/www.deporteseli.com\/index.php?rest_route=\/wp\/v2\/product\/36616","targetHints":{"allow":["GET"]}}],"collection":[{"href":"https:\/\/www.deporteseli.com\/index.php?rest_route=\/wp\/v2\/product"}],"about":[{"href":"https:\/\/www.deporteseli.com\/index.php?rest_route=\/wp\/v2\/types\/product"}],"wp:featuredmedia":[{"embeddable":true,"href":"https:\/\/www.deporteseli.com\/index.php?rest_route=\/wp\/v2\/media\/51237"}],"wp:attachment":[{"href":"https:\/\/www.deporteseli.com\/index.php?rest_route=%2Fwp%2Fv2%2Fmedia&parent=36616"}],"wp:term":[{"taxonomy":"product_brand","embeddable":true,"href":"https:\/\/www.deporteseli.com\/index.php?rest_route=%2Fwp%2Fv2%2Fproduct_brand&post=36616"},{"taxonomy":"product_cat","embeddable":true,"href":"https:\/\/www.deporteseli.com\/index.php?rest_route=%2Fwp%2Fv2%2Fproduct_cat&post=36616"},{"taxonomy":"product_tag","embeddable":true,"href":"https:\/\/www.deporteseli.com\/index.php?rest_route=%2Fwp%2Fv2%2Fproduct_tag&post=36616"}],"curies":[{"name":"wp","href":"https:\/\/api.w.org\/{rel}","templated":true}]}}