{"id":36614,"date":"2026-01-27T17:17:08","date_gmt":"2026-01-27T17:17:08","guid":{"rendered":"https:\/\/www.deporteseli.com\/?product=sombrero-pescador-pedri-de-ellesse"},"modified":"2026-01-27T17:17:11","modified_gmt":"2026-01-27T17:17:11","slug":"sombrero-pescador-pedri-de-ellesse","status":"publish","type":"product","link":"https:\/\/www.deporteseli.com\/?product=sombrero-pescador-pedri-de-ellesse","title":{"rendered":"SOMBRERO PESCADOR PEDRI DE ELLESSE."},"content":{"rendered":"<p>Sombrero pescador Pedri de Ellesse.    Tejido de poli\u00e9ster suave de color negro con acabado brillante.    Ala suave con detalle de puntadas tonales.    Logotipos m\u00faltiples de la marca Ellesse.    Peque\u00f1a etiqueta Ellesse bordada    Talla \u00fanica 100% poli\u00e9ster.                                                                                                                                                                                                                                                                                                                                                                                                                                                                                                                                                                                                                                                                                                                                                                                                                                                                                                                                                                                                                                        <\/p>\n","protected":false},"excerpt":{"rendered":"<p>SOMBRERO PESCADOR PEDRI DE ELLESSE.<\/p>\n","protected":false},"featured_media":51236,"template":"","meta":[],"product_brand":[],"product_cat":[399],"product_tag":[52],"class_list":{"0":"post-36614","1":"product","2":"type-product","3":"status-publish","4":"has-post-thumbnail","6":"product_cat-accesorios_gorras","7":"product_tag-ellesse","8":"pa_color-unico","9":"pa_talla-unica","10":"thunk-woo-product-list","11":"opn-qv-enable","12":"open-woo-hover-","13":"open-single-product-tab-horizontal","14":"open-shadow-","15":"open-shadow-hover-","17":"first","18":"instock","19":"shipping-taxable","20":"purchasable","21":"product-type-variable"},"jetpack_sharing_enabled":true,"_links":{"self":[{"href":"https:\/\/www.deporteseli.com\/index.php?rest_route=\/wp\/v2\/product\/36614","targetHints":{"allow":["GET"]}}],"collection":[{"href":"https:\/\/www.deporteseli.com\/index.php?rest_route=\/wp\/v2\/product"}],"about":[{"href":"https:\/\/www.deporteseli.com\/index.php?rest_route=\/wp\/v2\/types\/product"}],"wp:featuredmedia":[{"embeddable":true,"href":"https:\/\/www.deporteseli.com\/index.php?rest_route=\/wp\/v2\/media\/51236"}],"wp:attachment":[{"href":"https:\/\/www.deporteseli.com\/index.php?rest_route=%2Fwp%2Fv2%2Fmedia&parent=36614"}],"wp:term":[{"taxonomy":"product_brand","embeddable":true,"href":"https:\/\/www.deporteseli.com\/index.php?rest_route=%2Fwp%2Fv2%2Fproduct_brand&post=36614"},{"taxonomy":"product_cat","embeddable":true,"href":"https:\/\/www.deporteseli.com\/index.php?rest_route=%2Fwp%2Fv2%2Fproduct_cat&post=36614"},{"taxonomy":"product_tag","embeddable":true,"href":"https:\/\/www.deporteseli.com\/index.php?rest_route=%2Fwp%2Fv2%2Fproduct_tag&post=36614"}],"curies":[{"name":"wp","href":"https:\/\/api.w.org\/{rel}","templated":true}]}}