{"id":36600,"date":"2026-01-27T17:16:51","date_gmt":"2026-01-27T17:16:51","guid":{"rendered":"https:\/\/www.deporteseli.com\/?product=falda-de-tenis-de-club"},"modified":"2026-03-07T05:18:54","modified_gmt":"2026-03-07T05:18:54","slug":"falda-de-tenis-de-club","status":"publish","type":"product","link":"https:\/\/www.deporteseli.com\/?product=falda-de-tenis-de-club","title":{"rendered":"FALDA DE TENIS DE CLUB"},"content":{"rendered":"<p>FALDA DE TENIS DE CLUB  UNA FALDA QUE ABSORBE LA HUMEDAD PARA UN TENIS SEGURO.  Estilo club con un toque moderno. Esta falda adidas Club tiene una tela texturizada en una silueta recta que funciona con todas las camisetas de tenis del armario. AEROREADY, que maneja la humedad, te mantiene seco durante los duelos de pelota m\u00e1s duros. Las mallas integradas brindan protecci\u00f3n adicional y confianza en el campo. Este producto est\u00e1 fabricado con Primegreen, una serie de materiales reciclados altamente funcionales.  DETALLES  Ajuste normal  Cintura el\u00e1stica  Punto doble en poli\u00e9ster 100% reciclado  absorbente de humedad  material estructurado neto  Medias integradas  verdeprimo  Color del producto: Negro \/ Blanco  C\u00f3digo de producto: GL5480                                                                                                                                                                                                                                                                                                                                                                                                                                                                                                                                                                                                                                                                                                                                                                                                                                                                                                                                                                                                                                        <\/p>\n","protected":false},"excerpt":{"rendered":"<p>FALDA DE TENIS DE CLUB<\/p>\n","protected":false},"featured_media":51224,"template":"","meta":[],"product_brand":[],"product_cat":[365],"product_tag":[18],"class_list":{"0":"post-36600","1":"product","2":"type-product","3":"status-publish","4":"has-post-thumbnail","6":"product_cat-padel_y_tenis_textil_shorts","7":"product_tag-adidas","8":"pa_color-unico","9":"pa_talla-s","10":"pa_talla-xl","11":"thunk-woo-product-list","12":"opn-qv-enable","13":"open-woo-hover-","14":"open-single-product-tab-horizontal","15":"open-shadow-","16":"open-shadow-hover-","18":"first","19":"instock","20":"shipping-taxable","21":"purchasable","22":"product-type-variable"},"jetpack_sharing_enabled":true,"_links":{"self":[{"href":"https:\/\/www.deporteseli.com\/index.php?rest_route=\/wp\/v2\/product\/36600","targetHints":{"allow":["GET"]}}],"collection":[{"href":"https:\/\/www.deporteseli.com\/index.php?rest_route=\/wp\/v2\/product"}],"about":[{"href":"https:\/\/www.deporteseli.com\/index.php?rest_route=\/wp\/v2\/types\/product"}],"wp:featuredmedia":[{"embeddable":true,"href":"https:\/\/www.deporteseli.com\/index.php?rest_route=\/wp\/v2\/media\/51224"}],"wp:attachment":[{"href":"https:\/\/www.deporteseli.com\/index.php?rest_route=%2Fwp%2Fv2%2Fmedia&parent=36600"}],"wp:term":[{"taxonomy":"product_brand","embeddable":true,"href":"https:\/\/www.deporteseli.com\/index.php?rest_route=%2Fwp%2Fv2%2Fproduct_brand&post=36600"},{"taxonomy":"product_cat","embeddable":true,"href":"https:\/\/www.deporteseli.com\/index.php?rest_route=%2Fwp%2Fv2%2Fproduct_cat&post=36600"},{"taxonomy":"product_tag","embeddable":true,"href":"https:\/\/www.deporteseli.com\/index.php?rest_route=%2Fwp%2Fv2%2Fproduct_tag&post=36600"}],"curies":[{"name":"wp","href":"https:\/\/api.w.org\/{rel}","templated":true}]}}