{"id":36597,"date":"2026-01-27T17:16:47","date_gmt":"2026-01-27T17:16:47","guid":{"rendered":"https:\/\/www.deporteseli.com\/?product=sudadera-puma-power-589535-01"},"modified":"2026-01-27T17:16:50","modified_gmt":"2026-01-27T17:16:50","slug":"sudadera-puma-power-589535-01","status":"publish","type":"product","link":"https:\/\/www.deporteseli.com\/?product=sudadera-puma-power-589535-01","title":{"rendered":"SUDADERA PUMA POWER 589535 01"},"content":{"rendered":"<p>Al comprar productos de algod\u00f3n de PUMA, est\u00e1 apoyando un cultivo de algod\u00f3n m\u00e1s sostenible a trav\u00e9s de la Iniciativa Better Cotton.         FICHA T\u00c9CNICA:  Color: Negra \/ Blanca.  Recomendada  para mujer.  CARACTERISTICAS:  Impresi\u00f3n de goma con el logotipo n. \u00b0 1 en la parte delantera.  Impresi\u00f3n gr\u00e1fica de goma en ambas mangas.  Extremos de cord\u00f3n de pl\u00e1stico con punta.  Costuras en contraste.  Pu\u00f1os de canal\u00e9.  Forma relajada.                                                                                                                                                                                                                                                                                                                                                                                                                                                                                                                                                                                                                                                                                                                                                                                                                                                                                                                                                                                                                                        <\/p>\n","protected":false},"excerpt":{"rendered":"<p>SUDADERA PUMA POWER 589535 01<\/p>\n","protected":false},"featured_media":51220,"template":"","meta":[],"product_brand":[],"product_cat":[279],"product_tag":[32],"class_list":{"0":"post-36597","1":"product","2":"type-product","3":"status-publish","4":"has-post-thumbnail","6":"product_cat-mujer_textil_sudaderas","7":"product_tag-puma","8":"pa_color-unico","9":"pa_talla-s","10":"pa_talla-xs","11":"thunk-woo-product-list","12":"opn-qv-enable","13":"open-woo-hover-","14":"open-single-product-tab-horizontal","15":"open-shadow-","16":"open-shadow-hover-","18":"first","19":"instock","20":"shipping-taxable","21":"purchasable","22":"product-type-variable"},"jetpack_sharing_enabled":true,"_links":{"self":[{"href":"https:\/\/www.deporteseli.com\/index.php?rest_route=\/wp\/v2\/product\/36597","targetHints":{"allow":["GET"]}}],"collection":[{"href":"https:\/\/www.deporteseli.com\/index.php?rest_route=\/wp\/v2\/product"}],"about":[{"href":"https:\/\/www.deporteseli.com\/index.php?rest_route=\/wp\/v2\/types\/product"}],"wp:featuredmedia":[{"embeddable":true,"href":"https:\/\/www.deporteseli.com\/index.php?rest_route=\/wp\/v2\/media\/51220"}],"wp:attachment":[{"href":"https:\/\/www.deporteseli.com\/index.php?rest_route=%2Fwp%2Fv2%2Fmedia&parent=36597"}],"wp:term":[{"taxonomy":"product_brand","embeddable":true,"href":"https:\/\/www.deporteseli.com\/index.php?rest_route=%2Fwp%2Fv2%2Fproduct_brand&post=36597"},{"taxonomy":"product_cat","embeddable":true,"href":"https:\/\/www.deporteseli.com\/index.php?rest_route=%2Fwp%2Fv2%2Fproduct_cat&post=36597"},{"taxonomy":"product_tag","embeddable":true,"href":"https:\/\/www.deporteseli.com\/index.php?rest_route=%2Fwp%2Fv2%2Fproduct_tag&post=36597"}],"curies":[{"name":"wp","href":"https:\/\/api.w.org\/{rel}","templated":true}]}}