{"id":36589,"date":"2026-01-27T17:16:35","date_gmt":"2026-01-27T17:16:35","guid":{"rendered":"https:\/\/www.deporteseli.com\/?product=munequera-pequena-tennis-5"},"modified":"2026-01-27T17:16:37","modified_gmt":"2026-01-27T17:16:37","slug":"munequera-pequena-tennis-5","status":"publish","type":"product","link":"https:\/\/www.deporteseli.com\/?product=munequera-pequena-tennis-5","title":{"rendered":"MU\u00f1EQUERA PEQUE\u00f1A TENNIS"},"content":{"rendered":"<p>MU\u00d1EQUERA PEQUE\u00d1A TENNIS  M\u00c1XIMO RENDIMIENTO EN LA PISTA DE TENIS  Hasta el m\u00e1s peque\u00f1o detalle es importante para jugar el partido perfecto. Estas mu\u00f1equeras de tenis adidas te ayudan a mantener la piel seca para que despliegues tu juego con total confianza. Presentan un dise\u00f1o fino que te permite concentrarte y evitar las distracciones. Adem\u00e1s, se han confeccionado en parte con materiales reciclados. Eso no pondr\u00e1 fin a los residuos pl\u00e1sticos, pero por algo se empieza.    Este producto se ha fabricado con diferentes materiales t\u00e9cnicos y contiene al menos un 60% de material reciclado. Su objetivo es plantear otra soluci\u00f3n m\u00e1s que ayude a eliminar los residuos pl\u00e1sticos.  DETALLES  Ancho: 7 cm  Largo: 8,5 cm  73% poli\u00e9ster reciclado \/ 23% algod\u00f3n \/ 4% elastodieno  Tejido transpirable  Logotipo de adidas bordado  Contiene al menos un 60% de material reciclado  Color del art\u00edculo: White \/ Black  N\u00famero de art\u00edculo: HD9125                                                                                                                                                                                                                                                                                                                                                                                                                                                                                                                                                                                                                                                                                                                                                                                                                                                                                                                                                                                                                                        <\/p>\n","protected":false},"excerpt":{"rendered":"<p>MU\u00f1EQUERA PEQUE\u00f1A TENNIS<\/p>\n","protected":false},"featured_media":51209,"template":"","meta":[],"product_brand":[],"product_cat":[242],"product_tag":[18],"class_list":{"0":"post-36589","1":"product","2":"type-product","3":"status-publish","4":"has-post-thumbnail","6":"product_cat-unisex_accesorios","7":"product_tag-adidas","8":"pa_color-unico","9":"pa_talla-unica","10":"thunk-woo-product-list","11":"opn-qv-enable","12":"open-woo-hover-","13":"open-single-product-tab-horizontal","14":"open-shadow-","15":"open-shadow-hover-","17":"first","18":"instock","19":"shipping-taxable","20":"purchasable","21":"product-type-variable"},"jetpack_sharing_enabled":true,"_links":{"self":[{"href":"https:\/\/www.deporteseli.com\/index.php?rest_route=\/wp\/v2\/product\/36589","targetHints":{"allow":["GET"]}}],"collection":[{"href":"https:\/\/www.deporteseli.com\/index.php?rest_route=\/wp\/v2\/product"}],"about":[{"href":"https:\/\/www.deporteseli.com\/index.php?rest_route=\/wp\/v2\/types\/product"}],"wp:featuredmedia":[{"embeddable":true,"href":"https:\/\/www.deporteseli.com\/index.php?rest_route=\/wp\/v2\/media\/51209"}],"wp:attachment":[{"href":"https:\/\/www.deporteseli.com\/index.php?rest_route=%2Fwp%2Fv2%2Fmedia&parent=36589"}],"wp:term":[{"taxonomy":"product_brand","embeddable":true,"href":"https:\/\/www.deporteseli.com\/index.php?rest_route=%2Fwp%2Fv2%2Fproduct_brand&post=36589"},{"taxonomy":"product_cat","embeddable":true,"href":"https:\/\/www.deporteseli.com\/index.php?rest_route=%2Fwp%2Fv2%2Fproduct_cat&post=36589"},{"taxonomy":"product_tag","embeddable":true,"href":"https:\/\/www.deporteseli.com\/index.php?rest_route=%2Fwp%2Fv2%2Fproduct_tag&post=36589"}],"curies":[{"name":"wp","href":"https:\/\/api.w.org\/{rel}","templated":true}]}}