{"id":36577,"date":"2026-01-27T17:16:15","date_gmt":"2026-01-27T17:16:15","guid":{"rendered":"https:\/\/www.deporteseli.com\/?product=chandal-adidas-h65806"},"modified":"2026-03-06T05:17:56","modified_gmt":"2026-03-06T05:17:56","slug":"chandal-adidas-h65806","status":"publish","type":"product","link":"https:\/\/www.deporteseli.com\/?product=chandal-adidas-h65806","title":{"rendered":"CHANDAL ADIDAS H65806"},"content":{"rendered":"<p>G\u00e9nero  Unisexo  Edad  Beb\u00e9  SubMarca  Insignia de deportes  Tipo  Ch\u00e1ndal Ni\u00f1o\/Beb\u00e9  Grupo de producto  Chandals  Todas las Categor\u00edas  Textil, Training  L\u00ednea de Producto  Aplicaci\u00f3n de entrenamiento para ni\u00f1os  Fecha Disponible  15\/12\/2021  Tallas  62 &#8211; 104                                                                                                                                                                                                                                                                                                                                                                                                                                                                                                                                                                                                                                                                                                                                                                                                                                                                                                                                                                                                                                        <\/p>\n","protected":false},"excerpt":{"rendered":"<p>CHANDAL ADIDAS H65806<\/p>\n","protected":false},"featured_media":51193,"template":"","meta":[],"product_brand":[],"product_cat":[298],"product_tag":[18],"class_list":{"0":"post-36577","1":"product","2":"type-product","3":"status-publish","4":"has-post-thumbnail","6":"product_cat-nino_textil_chandals","7":"product_tag-adidas","8":"pa_color-unico","9":"pa_talla-168","10":"thunk-woo-product-list","11":"opn-qv-enable","12":"open-woo-hover-","13":"open-single-product-tab-horizontal","14":"open-shadow-","15":"open-shadow-hover-","17":"first","18":"instock","19":"shipping-taxable","20":"purchasable","21":"product-type-variable"},"jetpack_sharing_enabled":true,"_links":{"self":[{"href":"https:\/\/www.deporteseli.com\/index.php?rest_route=\/wp\/v2\/product\/36577","targetHints":{"allow":["GET"]}}],"collection":[{"href":"https:\/\/www.deporteseli.com\/index.php?rest_route=\/wp\/v2\/product"}],"about":[{"href":"https:\/\/www.deporteseli.com\/index.php?rest_route=\/wp\/v2\/types\/product"}],"wp:featuredmedia":[{"embeddable":true,"href":"https:\/\/www.deporteseli.com\/index.php?rest_route=\/wp\/v2\/media\/51193"}],"wp:attachment":[{"href":"https:\/\/www.deporteseli.com\/index.php?rest_route=%2Fwp%2Fv2%2Fmedia&parent=36577"}],"wp:term":[{"taxonomy":"product_brand","embeddable":true,"href":"https:\/\/www.deporteseli.com\/index.php?rest_route=%2Fwp%2Fv2%2Fproduct_brand&post=36577"},{"taxonomy":"product_cat","embeddable":true,"href":"https:\/\/www.deporteseli.com\/index.php?rest_route=%2Fwp%2Fv2%2Fproduct_cat&post=36577"},{"taxonomy":"product_tag","embeddable":true,"href":"https:\/\/www.deporteseli.com\/index.php?rest_route=%2Fwp%2Fv2%2Fproduct_tag&post=36577"}],"curies":[{"name":"wp","href":"https:\/\/api.w.org\/{rel}","templated":true}]}}