{"id":36575,"date":"2026-01-27T17:16:12","date_gmt":"2026-01-27T17:16:12","guid":{"rendered":"https:\/\/www.deporteseli.com\/?product=sudadera-bullpadel-renieba"},"modified":"2026-01-27T17:16:14","modified_gmt":"2026-01-27T17:16:14","slug":"sudadera-bullpadel-renieba","status":"publish","type":"product","link":"https:\/\/www.deporteseli.com\/?product=sudadera-bullpadel-renieba","title":{"rendered":"SUDADERA BULLPADEL RENIEBA"},"content":{"rendered":"<p>La nueva sudadera para mujeres Bullpadel Renieba te aportar\u00e1 comodidad absoluta y te mantendr\u00e1 abrigada gracias a su tecnolog\u00eda Termalflex en la que el interior de la sudadera es c\u00e1lido y el secado del sudor desaparece r\u00e1pidamente. Su dise\u00f1o con bolsillos de canguro y su capucha ajustable sumado a la diversidad de colores hacen de esta sudadera una muy  buena opci\u00f3n para llevarla a tus partidos y entrenamientos.  FICHA T\u00c9CNICA:  Composici\u00f3n: 95% Poliester \/ 5% Elastan.  Recomendada para mujer.                                                                                                                                                                                                                                                                                                                                                                                                                                                                                                                                                                                                                                                                                                                                                                                                                                                                                                                                                                                                                                        <\/p>\n","protected":false},"excerpt":{"rendered":"<p>SUDADERA BULLPADEL RENIEBA<\/p>\n","protected":false},"featured_media":51192,"template":"","meta":[],"product_brand":[],"product_cat":[368],"product_tag":[21],"class_list":{"0":"post-36575","1":"product","2":"type-product","3":"status-publish","4":"has-post-thumbnail","6":"product_cat-padel_y_tenis_textil_sudaderas","7":"product_tag-bull_padel","8":"pa_color-unico","9":"pa_talla-xs","10":"thunk-woo-product-list","11":"opn-qv-enable","12":"open-woo-hover-","13":"open-single-product-tab-horizontal","14":"open-shadow-","15":"open-shadow-hover-","17":"first","18":"instock","19":"shipping-taxable","20":"purchasable","21":"product-type-variable"},"jetpack_sharing_enabled":true,"_links":{"self":[{"href":"https:\/\/www.deporteseli.com\/index.php?rest_route=\/wp\/v2\/product\/36575","targetHints":{"allow":["GET"]}}],"collection":[{"href":"https:\/\/www.deporteseli.com\/index.php?rest_route=\/wp\/v2\/product"}],"about":[{"href":"https:\/\/www.deporteseli.com\/index.php?rest_route=\/wp\/v2\/types\/product"}],"wp:featuredmedia":[{"embeddable":true,"href":"https:\/\/www.deporteseli.com\/index.php?rest_route=\/wp\/v2\/media\/51192"}],"wp:attachment":[{"href":"https:\/\/www.deporteseli.com\/index.php?rest_route=%2Fwp%2Fv2%2Fmedia&parent=36575"}],"wp:term":[{"taxonomy":"product_brand","embeddable":true,"href":"https:\/\/www.deporteseli.com\/index.php?rest_route=%2Fwp%2Fv2%2Fproduct_brand&post=36575"},{"taxonomy":"product_cat","embeddable":true,"href":"https:\/\/www.deporteseli.com\/index.php?rest_route=%2Fwp%2Fv2%2Fproduct_cat&post=36575"},{"taxonomy":"product_tag","embeddable":true,"href":"https:\/\/www.deporteseli.com\/index.php?rest_route=%2Fwp%2Fv2%2Fproduct_tag&post=36575"}],"curies":[{"name":"wp","href":"https:\/\/api.w.org\/{rel}","templated":true}]}}