{"id":36573,"date":"2026-01-27T17:16:09","date_gmt":"2026-01-27T17:16:09","guid":{"rendered":"https:\/\/www.deporteseli.com\/?product=munequera-grande-tennis-2"},"modified":"2026-01-27T17:16:11","modified_gmt":"2026-01-27T17:16:11","slug":"munequera-grande-tennis-2","status":"publish","type":"product","link":"https:\/\/www.deporteseli.com\/?product=munequera-grande-tennis-2","title":{"rendered":"MU\u00f1EQUERA GRANDE TENNIS"},"content":{"rendered":"<p>MU\u00d1EQUERA GRANDE TENNIS  M\u00c1XIMO RENDIMIENTO EN LA PISTA  Hasta el m\u00e1s peque\u00f1o detalle es importante para jugar el partido perfecto. Estas mu\u00f1equeras adidas te ayudan a mantener la piel seca para que despliegues tu juego con total confianza. Su dise\u00f1o ancho consigue que pases menos tiempo sec\u00e1ndote la frente y m\u00e1s tiempo jugando. Y lo que es a\u00fan mejor, se ha fabricado en parte con materiales reciclados. Esto no acabar\u00e1 por s\u00ed solo con los residuos pl\u00e1sticos pero es un punto de partida.    Este producto se ha fabricado con diferentes materiales t\u00e9cnicos y contiene al menos un 60% de material reciclado. Su objetivo es plantear otra soluci\u00f3n m\u00e1s que ayude a eliminar los residuos pl\u00e1sticos.  DETALLES  Ancho: 9 cm  Largo: 13 cm  73% poli\u00e9ster reciclado \/ 23% algod\u00f3n \/ 4% elastodieno  Tejido transpirable  Logotipo de adidas bordado  Contiene al menos un 60% de material reciclado  Color del art\u00edculo: Black \/ White  N\u00famero de art\u00edculo: HD7321                                                                                                                                                                                                                                                                                                                                                                                                                                                                                                                                                                                                                                                                                                                                                                                                                                                                                                                                                                                                                                        <\/p>\n","protected":false},"excerpt":{"rendered":"<p>MU\u00f1EQUERA GRANDE TENNIS<\/p>\n","protected":false},"featured_media":51188,"template":"","meta":[],"product_brand":[],"product_cat":[242],"product_tag":[18],"class_list":{"0":"post-36573","1":"product","2":"type-product","3":"status-publish","4":"has-post-thumbnail","6":"product_cat-unisex_accesorios","7":"product_tag-adidas","8":"pa_color-unico","9":"pa_talla-unica","10":"thunk-woo-product-list","11":"opn-qv-enable","12":"open-woo-hover-","13":"open-single-product-tab-horizontal","14":"open-shadow-","15":"open-shadow-hover-","17":"first","18":"instock","19":"shipping-taxable","20":"purchasable","21":"product-type-variable"},"jetpack_sharing_enabled":true,"_links":{"self":[{"href":"https:\/\/www.deporteseli.com\/index.php?rest_route=\/wp\/v2\/product\/36573","targetHints":{"allow":["GET"]}}],"collection":[{"href":"https:\/\/www.deporteseli.com\/index.php?rest_route=\/wp\/v2\/product"}],"about":[{"href":"https:\/\/www.deporteseli.com\/index.php?rest_route=\/wp\/v2\/types\/product"}],"wp:featuredmedia":[{"embeddable":true,"href":"https:\/\/www.deporteseli.com\/index.php?rest_route=\/wp\/v2\/media\/51188"}],"wp:attachment":[{"href":"https:\/\/www.deporteseli.com\/index.php?rest_route=%2Fwp%2Fv2%2Fmedia&parent=36573"}],"wp:term":[{"taxonomy":"product_brand","embeddable":true,"href":"https:\/\/www.deporteseli.com\/index.php?rest_route=%2Fwp%2Fv2%2Fproduct_brand&post=36573"},{"taxonomy":"product_cat","embeddable":true,"href":"https:\/\/www.deporteseli.com\/index.php?rest_route=%2Fwp%2Fv2%2Fproduct_cat&post=36573"},{"taxonomy":"product_tag","embeddable":true,"href":"https:\/\/www.deporteseli.com\/index.php?rest_route=%2Fwp%2Fv2%2Fproduct_tag&post=36573"}],"curies":[{"name":"wp","href":"https:\/\/api.w.org\/{rel}","templated":true}]}}