{"id":36570,"date":"2026-01-27T17:16:03","date_gmt":"2026-01-27T17:16:03","guid":{"rendered":"https:\/\/www.deporteseli.com\/?product=chandal-colorblock-crop-top"},"modified":"2026-01-27T17:16:08","modified_gmt":"2026-01-27T17:16:08","slug":"chandal-colorblock-crop-top","status":"publish","type":"product","link":"https:\/\/www.deporteseli.com\/?product=chandal-colorblock-crop-top","title":{"rendered":"CH\u00e1NDAL COLORBLOCK CROP TOP"},"content":{"rendered":"<p>CH\u00c1NDAL COLORBLOCK CROP TOP  VERSATILIDAD Y COMODIDAD  Que la inspiraci\u00f3n te acompa\u00f1e de buena ma\u00f1ana. Este ch\u00e1ndal para j\u00f3venes deportistas te permite presumir de las 3 bandas en tus calentamientos y estiramientos. El tejido de felpa suave al tacto lo convierte en el uniforme perfecto.    Este producto se ha confeccionado con material reciclado como parte de nuestro compromiso por acabar con los residuos pl\u00e1sticos.  DETALLES  Sudadera de corte holgado y pantal\u00f3n de corte cl\u00e1sico  Sudadera: dise\u00f1o con capucha  Felpa 70% algod\u00f3n \/ 30% poli\u00e9ster reciclado  Sudadera: largo por encima de la cintura  Sudadera: bolsillos laterales  Pantal\u00f3n: cintura el\u00e1stica con cord\u00f3n  Pantal\u00f3n: bolsillos laterales  Pantal\u00f3n: pernera m\u00e1s ajustada a la altura del tobillo con pu\u00f1os de canal\u00e9  Color del art\u00edculo: Team Real Magenta \/ White \/ Black  N\u00famero de art\u00edculo: GT6907                                                                                                                                                                                                                                                                                                                                                                                                                                                                                                                                                                                                                                                                                                                                                                                                                                                                                                                                                                                                                                        <\/p>\n","protected":false},"excerpt":{"rendered":"<p>CH\u00e1NDAL COLORBLOCK CROP TOP<\/p>\n","protected":false},"featured_media":51183,"template":"","meta":[],"product_brand":[],"product_cat":[380],"product_tag":[18],"class_list":{"0":"post-36570","1":"product","2":"type-product","3":"status-publish","4":"has-post-thumbnail","6":"product_cat-ninas_textil_chandals","7":"product_tag-adidas","8":"pa_color-unico","9":"pa_talla-t-12","10":"pa_talla-t-16","11":"thunk-woo-product-list","12":"opn-qv-enable","13":"open-woo-hover-","14":"open-single-product-tab-horizontal","15":"open-shadow-","16":"open-shadow-hover-","18":"first","19":"instock","20":"shipping-taxable","21":"purchasable","22":"product-type-variable"},"jetpack_sharing_enabled":true,"_links":{"self":[{"href":"https:\/\/www.deporteseli.com\/index.php?rest_route=\/wp\/v2\/product\/36570","targetHints":{"allow":["GET"]}}],"collection":[{"href":"https:\/\/www.deporteseli.com\/index.php?rest_route=\/wp\/v2\/product"}],"about":[{"href":"https:\/\/www.deporteseli.com\/index.php?rest_route=\/wp\/v2\/types\/product"}],"wp:featuredmedia":[{"embeddable":true,"href":"https:\/\/www.deporteseli.com\/index.php?rest_route=\/wp\/v2\/media\/51183"}],"wp:attachment":[{"href":"https:\/\/www.deporteseli.com\/index.php?rest_route=%2Fwp%2Fv2%2Fmedia&parent=36570"}],"wp:term":[{"taxonomy":"product_brand","embeddable":true,"href":"https:\/\/www.deporteseli.com\/index.php?rest_route=%2Fwp%2Fv2%2Fproduct_brand&post=36570"},{"taxonomy":"product_cat","embeddable":true,"href":"https:\/\/www.deporteseli.com\/index.php?rest_route=%2Fwp%2Fv2%2Fproduct_cat&post=36570"},{"taxonomy":"product_tag","embeddable":true,"href":"https:\/\/www.deporteseli.com\/index.php?rest_route=%2Fwp%2Fv2%2Fproduct_tag&post=36570"}],"curies":[{"name":"wp","href":"https:\/\/api.w.org\/{rel}","templated":true}]}}