{"id":36565,"date":"2026-01-27T17:15:55","date_gmt":"2026-01-27T17:15:55","guid":{"rendered":"https:\/\/www.deporteseli.com\/?product=camiseta-training-essentials-graphic"},"modified":"2026-01-27T17:15:58","modified_gmt":"2026-01-27T17:15:58","slug":"camiseta-training-essentials-graphic","status":"publish","type":"product","link":"https:\/\/www.deporteseli.com\/?product=camiseta-training-essentials-graphic","title":{"rendered":"CAMISETA TRAINING ESSENTIALS GRAPHIC"},"content":{"rendered":"<p>CAMISETA TRAINING ESSENTIALS GRAPHIC  UNA CAMISETA DE ENTRENAMIENTO VERS\u00c1TIL CON UN DISE\u00d1O CON LOGOTIPO.  Dale un toque actual a tus outfits deportivos. Esta camiseta para mujer viene con un gr\u00e1fico Reebok en contraste en la parte delantera que le infunde estilo. Su dise\u00f1o impecable la hace muy f\u00e1cil de combinar con cualquier otra prenda. Coge esta camiseta de algod\u00f3n del armario, p\u00f3ntela y sal por la puerta a por el d\u00eda.  DETALLES  Punto liso 100 % algod\u00f3n.  Corte ajustado.  Cuello redondo.  Dise\u00f1o de manga corta.  Color del art\u00edculo: Black \/ White  N\u00famero de art\u00edculo: GU8329                                                                                                                                                                                                                                                                                                                                                                                                                                                                                                                                                                                                                                                                                                                                                                                                                                                                                                                                                                                                                                        <\/p>\n","protected":false},"excerpt":{"rendered":"<p>CAMISETA TRAINING ESSENTIALS GRAPHIC<\/p>\n","protected":false},"featured_media":51175,"template":"","meta":[],"product_brand":[],"product_cat":[269],"product_tag":[41],"class_list":{"0":"post-36565","1":"product","2":"type-product","3":"status-publish","4":"has-post-thumbnail","6":"product_cat-mujer_textil_camisetas","7":"product_tag-reebok","8":"pa_color-unico","9":"pa_talla-m","10":"pa_talla-s","11":"thunk-woo-product-list","12":"opn-qv-enable","13":"open-woo-hover-","14":"open-single-product-tab-horizontal","15":"open-shadow-","16":"open-shadow-hover-","18":"first","19":"instock","20":"shipping-taxable","21":"purchasable","22":"product-type-variable"},"jetpack_sharing_enabled":true,"_links":{"self":[{"href":"https:\/\/www.deporteseli.com\/index.php?rest_route=\/wp\/v2\/product\/36565","targetHints":{"allow":["GET"]}}],"collection":[{"href":"https:\/\/www.deporteseli.com\/index.php?rest_route=\/wp\/v2\/product"}],"about":[{"href":"https:\/\/www.deporteseli.com\/index.php?rest_route=\/wp\/v2\/types\/product"}],"wp:featuredmedia":[{"embeddable":true,"href":"https:\/\/www.deporteseli.com\/index.php?rest_route=\/wp\/v2\/media\/51175"}],"wp:attachment":[{"href":"https:\/\/www.deporteseli.com\/index.php?rest_route=%2Fwp%2Fv2%2Fmedia&parent=36565"}],"wp:term":[{"taxonomy":"product_brand","embeddable":true,"href":"https:\/\/www.deporteseli.com\/index.php?rest_route=%2Fwp%2Fv2%2Fproduct_brand&post=36565"},{"taxonomy":"product_cat","embeddable":true,"href":"https:\/\/www.deporteseli.com\/index.php?rest_route=%2Fwp%2Fv2%2Fproduct_cat&post=36565"},{"taxonomy":"product_tag","embeddable":true,"href":"https:\/\/www.deporteseli.com\/index.php?rest_route=%2Fwp%2Fv2%2Fproduct_tag&post=36565"}],"curies":[{"name":"wp","href":"https:\/\/api.w.org\/{rel}","templated":true}]}}