{"id":36563,"date":"2026-01-27T17:15:49","date_gmt":"2026-01-27T17:15:49","guid":{"rendered":"https:\/\/www.deporteseli.com\/?product=sujetador-deportivo-con-tiras-lux-nature-grow"},"modified":"2026-03-12T05:18:13","modified_gmt":"2026-03-12T05:18:13","slug":"sujetador-deportivo-con-tiras-lux-nature-grow","status":"publish","type":"product","link":"https:\/\/www.deporteseli.com\/?product=sujetador-deportivo-con-tiras-lux-nature-grow","title":{"rendered":"SUJETADOR DEPORTIVO CON TIRAS LUX NATURE GROW"},"content":{"rendered":"<p>SUJETADOR DEPORTIVO CON TIRAS LUX NATURE GROWN PRINT  UN SUJETADOR DEPORTIVO DE TIRAS CON SUJECI\u00d3N MEDIA.  Deje que las sutiles texturas de la naturaleza animen su entrenamiento. Este sujetador deportivo Reebok para mujer est\u00e1 creado con un din\u00e1mico estampado integral. Ofrece un soporte medio en la el\u00edptica o en la ruta de senderismo. Las almohadillas extra\u00edbles le permiten ajustar su nivel de cobertura.  ESPECIFICACIONES  Ajuste entallado, impacto medio  Interbloqueo 72% nailon \/ 28% elastano  Tejido espaciador Lux  Escote en pico  Correas ajustables  Almohadillas extra\u00edbles  Costuras laterales en \u00e1ngulo  Entrelazar  Banda inferior ancha para estabilidad y soporte.  Color: Vector azul marino  C\u00f3digo de producto: H49062                                                                                                                                                                                                                                                                                                                                                                                                                                                                                                                                                                                                                                                                                                                                                                                                                                                                                                                                                                                                                                        <\/p>\n","protected":false},"excerpt":{"rendered":"<p>SUJETADOR DEPORTIVO CON TIRAS LUX NATURE GROW<\/p>\n","protected":false},"featured_media":51166,"template":"","meta":[],"product_brand":[],"product_cat":[275],"product_tag":[41],"class_list":{"0":"post-36563","1":"product","2":"type-product","3":"status-publish","4":"has-post-thumbnail","6":"product_cat-mujer_textil_top","7":"product_tag-reebok","8":"pa_color-unico","9":"pa_talla-s","10":"thunk-woo-product-list","11":"opn-qv-enable","12":"open-woo-hover-","13":"open-single-product-tab-horizontal","14":"open-shadow-","15":"open-shadow-hover-","17":"first","18":"instock","19":"shipping-taxable","20":"purchasable","21":"product-type-variable"},"jetpack_sharing_enabled":true,"_links":{"self":[{"href":"https:\/\/www.deporteseli.com\/index.php?rest_route=\/wp\/v2\/product\/36563","targetHints":{"allow":["GET"]}}],"collection":[{"href":"https:\/\/www.deporteseli.com\/index.php?rest_route=\/wp\/v2\/product"}],"about":[{"href":"https:\/\/www.deporteseli.com\/index.php?rest_route=\/wp\/v2\/types\/product"}],"wp:featuredmedia":[{"embeddable":true,"href":"https:\/\/www.deporteseli.com\/index.php?rest_route=\/wp\/v2\/media\/51166"}],"wp:attachment":[{"href":"https:\/\/www.deporteseli.com\/index.php?rest_route=%2Fwp%2Fv2%2Fmedia&parent=36563"}],"wp:term":[{"taxonomy":"product_brand","embeddable":true,"href":"https:\/\/www.deporteseli.com\/index.php?rest_route=%2Fwp%2Fv2%2Fproduct_brand&post=36563"},{"taxonomy":"product_cat","embeddable":true,"href":"https:\/\/www.deporteseli.com\/index.php?rest_route=%2Fwp%2Fv2%2Fproduct_cat&post=36563"},{"taxonomy":"product_tag","embeddable":true,"href":"https:\/\/www.deporteseli.com\/index.php?rest_route=%2Fwp%2Fv2%2Fproduct_tag&post=36563"}],"curies":[{"name":"wp","href":"https:\/\/api.w.org\/{rel}","templated":true}]}}