{"id":36561,"date":"2026-01-27T17:15:45","date_gmt":"2026-01-27T17:15:45","guid":{"rendered":"https:\/\/www.deporteseli.com\/?product=nike-flex-essential"},"modified":"2026-01-27T17:15:47","modified_gmt":"2026-01-27T17:15:47","slug":"nike-flex-essential","status":"publish","type":"product","link":"https:\/\/www.deporteseli.com\/?product=nike-flex-essential","title":{"rendered":"NIKE FLEX ESSENTIAL"},"content":{"rendered":"<p>El pantal\u00f3n corto Nike Flex Essential 2-in-1 cuenta con una capa base ce\u00f1ida y el\u00e1stica debajo de una capa exterior holgada de tejido Woven. Proporciona una gran flexibilidad y dispone de tecnolog\u00eda de capilarizaci\u00f3n del sudor para mantener la transpirabilidad y la comodidad.      Capa exterior flexible    La capa exterior del pantal\u00f3n corto est\u00e1 fabricada con tejido Nike Flex Woven que se estira con tu cuerpo para alcanzar el m\u00e1ximo rendimiento sin que nada se interponga en tu camino.      Ajuste al cuerpo por debajo    La capa interior el\u00e1stica del pantal\u00f3n corto con capilarizaci\u00f3n del sudor mantiene la transpirabilidad, la sujeci\u00f3n y la protecci\u00f3n mientras te mueves.      M\u00e1s ventajas    Tecnolog\u00eda que capilariza el sudor para mantener la transpirabilidad, la comodidad y la concentraci\u00f3n.  El bolsillo trasero a la derecha es ideal para guardar un tel\u00e9fono.    Detalles del producto    Pantal\u00f3n corto exterior de ajuste est\u00e1ndar para un toque holgado y c\u00f3modo  Estampado repetido  Just Do It.  en la parte interior de la cintura  Este producto no est\u00e1 dise\u00f1ado para su uso como equipo de protecci\u00f3n individual (EPI)  Cuerpo: 88 % poli\u00e9ster\/12 % spandex. Mallas: 82 % poli\u00e9ster\/18 % spandex. Forro de refuerzo: 100 % poli\u00e9ster.  Lavar a m\u00e1quina  De importaci\u00f3n  Color mostrado: Negro\/Negro\/Blanco  Modelo: DA0453-011                                                                                                                                                                                                                                                                                                                                                                                                                                                                                                                                                                                                                                                                                                                                                                                                                                                                                                                                                                                                                                        <\/p>\n","protected":false},"excerpt":{"rendered":"<p>NIKE FLEX ESSENTIAL<\/p>\n","protected":false},"featured_media":51160,"template":"","meta":[],"product_brand":[],"product_cat":[277],"product_tag":[37],"class_list":{"0":"post-36561","1":"product","2":"type-product","3":"status-publish","4":"has-post-thumbnail","6":"product_cat-mujer_textil_shorts","7":"product_tag-nike","8":"pa_color-unico","9":"pa_talla-s","10":"thunk-woo-product-list","11":"opn-qv-enable","12":"open-woo-hover-","13":"open-single-product-tab-horizontal","14":"open-shadow-","15":"open-shadow-hover-","17":"first","18":"instock","19":"shipping-taxable","20":"purchasable","21":"product-type-variable"},"jetpack_sharing_enabled":true,"_links":{"self":[{"href":"https:\/\/www.deporteseli.com\/index.php?rest_route=\/wp\/v2\/product\/36561","targetHints":{"allow":["GET"]}}],"collection":[{"href":"https:\/\/www.deporteseli.com\/index.php?rest_route=\/wp\/v2\/product"}],"about":[{"href":"https:\/\/www.deporteseli.com\/index.php?rest_route=\/wp\/v2\/types\/product"}],"wp:featuredmedia":[{"embeddable":true,"href":"https:\/\/www.deporteseli.com\/index.php?rest_route=\/wp\/v2\/media\/51160"}],"wp:attachment":[{"href":"https:\/\/www.deporteseli.com\/index.php?rest_route=%2Fwp%2Fv2%2Fmedia&parent=36561"}],"wp:term":[{"taxonomy":"product_brand","embeddable":true,"href":"https:\/\/www.deporteseli.com\/index.php?rest_route=%2Fwp%2Fv2%2Fproduct_brand&post=36561"},{"taxonomy":"product_cat","embeddable":true,"href":"https:\/\/www.deporteseli.com\/index.php?rest_route=%2Fwp%2Fv2%2Fproduct_cat&post=36561"},{"taxonomy":"product_tag","embeddable":true,"href":"https:\/\/www.deporteseli.com\/index.php?rest_route=%2Fwp%2Fv2%2Fproduct_tag&post=36561"}],"curies":[{"name":"wp","href":"https:\/\/api.w.org\/{rel}","templated":true}]}}