{"id":36559,"date":"2026-01-27T17:15:43","date_gmt":"2026-01-27T17:15:43","guid":{"rendered":"https:\/\/www.deporteseli.com\/?product=camisa-adidas-hd5971"},"modified":"2026-01-27T17:15:44","modified_gmt":"2026-01-27T17:15:44","slug":"camisa-adidas-hd5971","status":"publish","type":"product","link":"https:\/\/www.deporteseli.com\/?product=camisa-adidas-hd5971","title":{"rendered":"CAMISA ADIDAS HD5971"},"content":{"rendered":"<p>CARACTER\u00cdSTICAS DEL PRODUCTO  Ejecuci\u00f3n y ubicaci\u00f3n del logotipo: peque\u00f1o logotipo de adidas en la parte posterior  Detalles y detalles: estampado lineal del logo de adidas  Parte superior ajustada: Regular  Ejecuci\u00f3n y ubicaci\u00f3n del logotipo: gran logotipo lineal en el centro del pecho                                                                                                                                                                                                                                                                                                                                                                                                                                                                                                                                                                                                                                                                                                                                                                                                                                                                                                                                                                                                                                        <\/p>\n","protected":false},"excerpt":{"rendered":"<p>CAMISA ADIDAS HD5971<\/p>\n","protected":false},"featured_media":51156,"template":"","meta":[],"product_brand":[],"product_cat":[296],"product_tag":[18],"class_list":{"0":"post-36559","1":"product","2":"type-product","3":"status-publish","4":"has-post-thumbnail","6":"product_cat-nino_textil_camisetas","7":"product_tag-adidas","8":"pa_color-unico","9":"pa_talla-t-6","10":"thunk-woo-product-list","11":"opn-qv-enable","12":"open-woo-hover-","13":"open-single-product-tab-horizontal","14":"open-shadow-","15":"open-shadow-hover-","17":"first","18":"instock","19":"shipping-taxable","20":"purchasable","21":"product-type-variable"},"jetpack_sharing_enabled":true,"_links":{"self":[{"href":"https:\/\/www.deporteseli.com\/index.php?rest_route=\/wp\/v2\/product\/36559","targetHints":{"allow":["GET"]}}],"collection":[{"href":"https:\/\/www.deporteseli.com\/index.php?rest_route=\/wp\/v2\/product"}],"about":[{"href":"https:\/\/www.deporteseli.com\/index.php?rest_route=\/wp\/v2\/types\/product"}],"wp:featuredmedia":[{"embeddable":true,"href":"https:\/\/www.deporteseli.com\/index.php?rest_route=\/wp\/v2\/media\/51156"}],"wp:attachment":[{"href":"https:\/\/www.deporteseli.com\/index.php?rest_route=%2Fwp%2Fv2%2Fmedia&parent=36559"}],"wp:term":[{"taxonomy":"product_brand","embeddable":true,"href":"https:\/\/www.deporteseli.com\/index.php?rest_route=%2Fwp%2Fv2%2Fproduct_brand&post=36559"},{"taxonomy":"product_cat","embeddable":true,"href":"https:\/\/www.deporteseli.com\/index.php?rest_route=%2Fwp%2Fv2%2Fproduct_cat&post=36559"},{"taxonomy":"product_tag","embeddable":true,"href":"https:\/\/www.deporteseli.com\/index.php?rest_route=%2Fwp%2Fv2%2Fproduct_tag&post=36559"}],"curies":[{"name":"wp","href":"https:\/\/api.w.org\/{rel}","templated":true}]}}