{"id":36553,"date":"2026-01-27T17:15:31","date_gmt":"2026-01-27T17:15:31","guid":{"rendered":"https:\/\/www.deporteseli.com\/?product=botella-nike-hyperfuel-18oz-532ml"},"modified":"2026-01-27T17:15:35","modified_gmt":"2026-01-27T17:15:35","slug":"botella-nike-hyperfuel-18oz-532ml","status":"publish","type":"product","link":"https:\/\/www.deporteseli.com\/?product=botella-nike-hyperfuel-18oz-532ml","title":{"rendered":"BOTELLA NIKE HYPERFUEL 18OZ (532ML"},"content":{"rendered":"<p>Esta botella Nike Hyperfuel 532ml tiene una v\u00e1lvula sellada y un material flexible. La forma de la botella facilita el agarre. Una botella bien pensada para ser pr\u00e1ctica y f\u00e1cil de usar en todos los deportes.                                                                                                                                                                                                                                                                                                                                                                                                                                                                                                                                                                                                                                                                                                                                                                                                                                                                                                                                                                                                                                        <\/p>\n","protected":false},"excerpt":{"rendered":"<p>BOTELLA NIKE HYPERFUEL 18OZ (532ML<\/p>\n","protected":false},"featured_media":51150,"template":"","meta":[],"product_brand":[],"product_cat":[409],"product_tag":[37],"class_list":{"0":"post-36553","1":"product","2":"type-product","3":"status-publish","4":"has-post-thumbnail","6":"product_cat-accesorios_botellas","7":"product_tag-nike","8":"pa_color-unico","9":"pa_talla-unica","10":"thunk-woo-product-list","11":"opn-qv-enable","12":"open-woo-hover-","13":"open-single-product-tab-horizontal","14":"open-shadow-","15":"open-shadow-hover-","17":"first","18":"instock","19":"shipping-taxable","20":"purchasable","21":"product-type-variable"},"jetpack_sharing_enabled":true,"_links":{"self":[{"href":"https:\/\/www.deporteseli.com\/index.php?rest_route=\/wp\/v2\/product\/36553","targetHints":{"allow":["GET"]}}],"collection":[{"href":"https:\/\/www.deporteseli.com\/index.php?rest_route=\/wp\/v2\/product"}],"about":[{"href":"https:\/\/www.deporteseli.com\/index.php?rest_route=\/wp\/v2\/types\/product"}],"wp:featuredmedia":[{"embeddable":true,"href":"https:\/\/www.deporteseli.com\/index.php?rest_route=\/wp\/v2\/media\/51150"}],"wp:attachment":[{"href":"https:\/\/www.deporteseli.com\/index.php?rest_route=%2Fwp%2Fv2%2Fmedia&parent=36553"}],"wp:term":[{"taxonomy":"product_brand","embeddable":true,"href":"https:\/\/www.deporteseli.com\/index.php?rest_route=%2Fwp%2Fv2%2Fproduct_brand&post=36553"},{"taxonomy":"product_cat","embeddable":true,"href":"https:\/\/www.deporteseli.com\/index.php?rest_route=%2Fwp%2Fv2%2Fproduct_cat&post=36553"},{"taxonomy":"product_tag","embeddable":true,"href":"https:\/\/www.deporteseli.com\/index.php?rest_route=%2Fwp%2Fv2%2Fproduct_tag&post=36553"}],"curies":[{"name":"wp","href":"https:\/\/api.w.org\/{rel}","templated":true}]}}