{"id":36551,"date":"2026-01-27T17:15:28","date_gmt":"2026-01-27T17:15:28","guid":{"rendered":"https:\/\/www.deporteseli.com\/?product=guantes-nike-nike-mujer-s-printed-gym-element"},"modified":"2026-01-27T17:15:30","modified_gmt":"2026-01-27T17:15:30","slug":"guantes-nike-nike-mujer-s-printed-gym-element","status":"publish","type":"product","link":"https:\/\/www.deporteseli.com\/?product=guantes-nike-nike-mujer-s-printed-gym-element","title":{"rendered":"GUANTES NIKE NIKE MUJER S PRINTED GYM ELEMENT"},"content":{"rendered":"<p>FLEXIBILIDAD. TRANSPIRABLE. POTENTE.  Los guantes Nike Gym cuentan con un acolchado de espuma de baja densidad y materiales ligeros para ofrecer un movimiento natural. El tejido de malla transpirable de la parte posterior de las manos y las perforaciones de las palmas mantienen el flujo de aire para ofrecerte comodidad y transpirabilidad durante el entrenamiento.    Cierre por contacto regulable en la mu\u00f1eca que permite personalizar el ajuste para ofrecer un ajuste ce\u00f1ido.  Tiradores incorporados en los dedos para poner y quitar los guantes f\u00e1cilmente.    Palma: 50% poli\u00e9ster, 36% poliuretano, 14% nylon.  Dorso: 46% poli\u00e9ster, 37% nylon, 13% spandex, 4% poliuretano.  Otros: 87% nylon, 10% spandex, 3% poliuretano (espuma de PU).                                                                                                                                                                                                                                                                                                                                                                                                                                                                                                                                                                                                                                                                                                                                                                                                                                                                                                                                                                                                                                        <\/p>\n","protected":false},"excerpt":{"rendered":"<p>GUANTES NIKE NIKE MUJER S PRINTED GYM ELEMENT<\/p>\n","protected":false},"featured_media":51148,"template":"","meta":[],"product_brand":[],"product_cat":[342],"product_tag":[37],"class_list":{"0":"post-36551","1":"product","2":"type-product","3":"status-publish","4":"has-post-thumbnail","6":"product_cat-deportes_gimnasio_guantes","7":"product_tag-nike","8":"pa_color-unico","9":"pa_talla-s","10":"thunk-woo-product-list","11":"opn-qv-enable","12":"open-woo-hover-","13":"open-single-product-tab-horizontal","14":"open-shadow-","15":"open-shadow-hover-","17":"first","18":"instock","19":"shipping-taxable","20":"purchasable","21":"product-type-variable"},"jetpack_sharing_enabled":true,"_links":{"self":[{"href":"https:\/\/www.deporteseli.com\/index.php?rest_route=\/wp\/v2\/product\/36551","targetHints":{"allow":["GET"]}}],"collection":[{"href":"https:\/\/www.deporteseli.com\/index.php?rest_route=\/wp\/v2\/product"}],"about":[{"href":"https:\/\/www.deporteseli.com\/index.php?rest_route=\/wp\/v2\/types\/product"}],"wp:featuredmedia":[{"embeddable":true,"href":"https:\/\/www.deporteseli.com\/index.php?rest_route=\/wp\/v2\/media\/51148"}],"wp:attachment":[{"href":"https:\/\/www.deporteseli.com\/index.php?rest_route=%2Fwp%2Fv2%2Fmedia&parent=36551"}],"wp:term":[{"taxonomy":"product_brand","embeddable":true,"href":"https:\/\/www.deporteseli.com\/index.php?rest_route=%2Fwp%2Fv2%2Fproduct_brand&post=36551"},{"taxonomy":"product_cat","embeddable":true,"href":"https:\/\/www.deporteseli.com\/index.php?rest_route=%2Fwp%2Fv2%2Fproduct_cat&post=36551"},{"taxonomy":"product_tag","embeddable":true,"href":"https:\/\/www.deporteseli.com\/index.php?rest_route=%2Fwp%2Fv2%2Fproduct_tag&post=36551"}],"curies":[{"name":"wp","href":"https:\/\/api.w.org\/{rel}","templated":true}]}}