{"id":36544,"date":"2026-01-27T17:15:18","date_gmt":"2026-01-27T17:15:18","guid":{"rendered":"https:\/\/www.deporteseli.com\/?product=sudadera-con-capucha-juvenil"},"modified":"2026-01-27T17:15:23","modified_gmt":"2026-01-27T17:15:23","slug":"sudadera-con-capucha-juvenil","status":"publish","type":"product","link":"https:\/\/www.deporteseli.com\/?product=sudadera-con-capucha-juvenil","title":{"rendered":"SUDADERA CON CAPUCHA JUVENIL"},"content":{"rendered":"<p>HISTORIA DEL PRODUCTO  Las sudaderas con capucha nunca pasan de moda y la nueva Power juvenil es tan llamativa como funcional. Con un favorecedor corte holgado, la llamativa marca en las mangas y las atractivas costuras en contraste lucir\u00e1s un aspecto fant\u00e1stico tanto entrenando como en tus ratos de ocio. Adem\u00e1s, est\u00e1 confeccionada con tejidos sostenibles para ir a la moda con conciencia ecol\u00f3gica.      CARACTER\u00cdSTICAS   BENEFICIOS  Al comprar productos de algod\u00f3n de PUMA, apoyas un cultivo de algod\u00f3n m\u00e1s sostenible. M\u00e1s informaci\u00f3n en PUMA.COM\/FOREVERBETTER  DETALLES  Corte holgado  Con capucha  Manga larga  Pu\u00f1os de canal\u00e9  Costuras en contraste como elemento de dise\u00f1o  Logotipo PUMA n.\u00ba 1 estampado en goma en la parte izquierda del pecho  Identidad gr\u00e1fica de PUMA estampada en goma en las mangas  Etiqueta tejida PUMA en el pu\u00f1o izquierdo                                                                                                                                                                                                                                                                                                                                                                                                                                                                                                                                                                                                                                                                                                                                                                                                                                                                                                                                                                                                                                        <\/p>\n","protected":false},"excerpt":{"rendered":"<p>SUDADERA CON CAPUCHA JUVENIL<\/p>\n","protected":false},"featured_media":51137,"template":"","meta":[],"product_brand":[],"product_cat":[384],"product_tag":[32],"class_list":{"0":"post-36544","1":"product","2":"type-product","3":"status-publish","4":"has-post-thumbnail","6":"product_cat-ninas_textil_sudaderas","7":"product_tag-puma","8":"pa_color-unico","9":"pa_talla-t-10","10":"pa_talla-t-12","11":"pa_talla-t-14","12":"pa_talla-t-16","13":"thunk-woo-product-list","14":"opn-qv-enable","15":"open-woo-hover-","16":"open-single-product-tab-horizontal","17":"open-shadow-","18":"open-shadow-hover-","20":"first","21":"instock","22":"shipping-taxable","23":"purchasable","24":"product-type-variable"},"jetpack_sharing_enabled":true,"_links":{"self":[{"href":"https:\/\/www.deporteseli.com\/index.php?rest_route=\/wp\/v2\/product\/36544","targetHints":{"allow":["GET"]}}],"collection":[{"href":"https:\/\/www.deporteseli.com\/index.php?rest_route=\/wp\/v2\/product"}],"about":[{"href":"https:\/\/www.deporteseli.com\/index.php?rest_route=\/wp\/v2\/types\/product"}],"wp:featuredmedia":[{"embeddable":true,"href":"https:\/\/www.deporteseli.com\/index.php?rest_route=\/wp\/v2\/media\/51137"}],"wp:attachment":[{"href":"https:\/\/www.deporteseli.com\/index.php?rest_route=%2Fwp%2Fv2%2Fmedia&parent=36544"}],"wp:term":[{"taxonomy":"product_brand","embeddable":true,"href":"https:\/\/www.deporteseli.com\/index.php?rest_route=%2Fwp%2Fv2%2Fproduct_brand&post=36544"},{"taxonomy":"product_cat","embeddable":true,"href":"https:\/\/www.deporteseli.com\/index.php?rest_route=%2Fwp%2Fv2%2Fproduct_cat&post=36544"},{"taxonomy":"product_tag","embeddable":true,"href":"https:\/\/www.deporteseli.com\/index.php?rest_route=%2Fwp%2Fv2%2Fproduct_tag&post=36544"}],"curies":[{"name":"wp","href":"https:\/\/api.w.org\/{rel}","templated":true}]}}