{"id":36538,"date":"2026-01-27T17:15:08","date_gmt":"2026-01-27T17:15:08","guid":{"rendered":"https:\/\/www.deporteseli.com\/?product=camiseta-adidas-designed-to-move-3"},"modified":"2026-01-27T17:15:17","modified_gmt":"2026-01-27T17:15:17","slug":"camiseta-adidas-designed-to-move-3","status":"publish","type":"product","link":"https:\/\/www.deporteseli.com\/?product=camiseta-adidas-designed-to-move-3","title":{"rendered":"CAMISETA ADIDAS DESIGNED TO MOVE"},"content":{"rendered":"<p>CARACTER\u00cdSTICAS DEL PRODUCTO  punto doble en el costado:   N \/ A  Primegreen: este producto ha sido elaborado con Primegreen: una serie de materiales reciclados de alto rendimiento.  APLICACI\u00d3N AEROREADY: SI\u00c9NTETE LISTO. Nuestra tecnolog\u00eda adidas te ayuda a sentirte c\u00f3modo y listo. AEROREADY absorbe la humedad y te hace sentir seco.  impresi\u00f3n de logotipo de gran rendimiento  Ajuste: ajuste regular                                                                                                                                                                                                                                                                                                                                                                                                                                                                                                                                                                                                                                                                                                                                                                                                                                                                                                                                                                                                                                        <\/p>\n","protected":false},"excerpt":{"rendered":"<p>CAMISETA ADIDAS DESIGNED TO MOVE<\/p>\n","protected":false},"featured_media":51133,"template":"","meta":[],"product_brand":[],"product_cat":[376],"product_tag":[18],"class_list":{"0":"post-36538","1":"product","2":"type-product","3":"status-publish","4":"has-post-thumbnail","6":"product_cat-ninas_textil_camisetas","7":"product_tag-adidas","8":"pa_color-unico","9":"pa_talla-t-10","10":"pa_talla-t-12","11":"pa_talla-t-14","12":"pa_talla-t-16","13":"pa_talla-t-8","14":"thunk-woo-product-list","15":"opn-qv-enable","16":"open-woo-hover-","17":"open-single-product-tab-horizontal","18":"open-shadow-","19":"open-shadow-hover-","21":"first","22":"instock","23":"shipping-taxable","24":"purchasable","25":"product-type-variable"},"jetpack_sharing_enabled":true,"_links":{"self":[{"href":"https:\/\/www.deporteseli.com\/index.php?rest_route=\/wp\/v2\/product\/36538","targetHints":{"allow":["GET"]}}],"collection":[{"href":"https:\/\/www.deporteseli.com\/index.php?rest_route=\/wp\/v2\/product"}],"about":[{"href":"https:\/\/www.deporteseli.com\/index.php?rest_route=\/wp\/v2\/types\/product"}],"wp:featuredmedia":[{"embeddable":true,"href":"https:\/\/www.deporteseli.com\/index.php?rest_route=\/wp\/v2\/media\/51133"}],"wp:attachment":[{"href":"https:\/\/www.deporteseli.com\/index.php?rest_route=%2Fwp%2Fv2%2Fmedia&parent=36538"}],"wp:term":[{"taxonomy":"product_brand","embeddable":true,"href":"https:\/\/www.deporteseli.com\/index.php?rest_route=%2Fwp%2Fv2%2Fproduct_brand&post=36538"},{"taxonomy":"product_cat","embeddable":true,"href":"https:\/\/www.deporteseli.com\/index.php?rest_route=%2Fwp%2Fv2%2Fproduct_cat&post=36538"},{"taxonomy":"product_tag","embeddable":true,"href":"https:\/\/www.deporteseli.com\/index.php?rest_route=%2Fwp%2Fv2%2Fproduct_tag&post=36538"}],"curies":[{"name":"wp","href":"https:\/\/api.w.org\/{rel}","templated":true}]}}