{"id":36526,"date":"2026-01-27T17:14:48","date_gmt":"2026-01-27T17:14:48","guid":{"rendered":"https:\/\/www.deporteseli.com\/?product=sudadera-con-capucha-y-cremallera-con-estampa"},"modified":"2026-01-27T17:14:49","modified_gmt":"2026-01-27T17:14:49","slug":"sudadera-con-capucha-y-cremallera-con-estampa","status":"publish","type":"product","link":"https:\/\/www.deporteseli.com\/?product=sudadera-con-capucha-y-cremallera-con-estampa","title":{"rendered":"SUDADERA CON CAPUCHA Y CREMALLERA CON ESTAMPA"},"content":{"rendered":"<p>DETALLES DE PRODUCTO  Cierre de cremallera completo  Capucha con cord\u00f3n con cordones de ajuste de rayas verticales  Manga larga  Estampado de transferencia de logo de escritura peque\u00f1a en contraste en el pecho  Bolsillos canguro divididos  C logo estampado en la manga  Pu\u00f1os y cintura el\u00e1sticos acanalados para mantener la forma  Felpa ligera de felpa de algod\u00f3n el\u00e1stico de 260 g \/ m2  79% algod\u00f3n, 21% poli\u00e9ster  Ajuste regular                                                                                                                                                                                                                                                                                                                                                                                                                                                                                                                                                                                                                                                                                                                                                                                                                                                                                                                                                                                                                                        <\/p>\n","protected":false},"excerpt":{"rendered":"<p>SUDADERA CON CAPUCHA Y CREMALLERA CON ESTAMPA<\/p>\n","protected":false},"featured_media":51122,"template":"","meta":[],"product_brand":[],"product_cat":[279],"product_tag":[51],"class_list":{"0":"post-36526","1":"product","2":"type-product","3":"status-publish","4":"has-post-thumbnail","6":"product_cat-mujer_textil_sudaderas","7":"product_tag-champion","8":"pa_color-unico","9":"pa_talla-m","10":"thunk-woo-product-list","11":"opn-qv-enable","12":"open-woo-hover-","13":"open-single-product-tab-horizontal","14":"open-shadow-","15":"open-shadow-hover-","17":"first","18":"instock","19":"shipping-taxable","20":"purchasable","21":"product-type-variable"},"jetpack_sharing_enabled":true,"_links":{"self":[{"href":"https:\/\/www.deporteseli.com\/index.php?rest_route=\/wp\/v2\/product\/36526","targetHints":{"allow":["GET"]}}],"collection":[{"href":"https:\/\/www.deporteseli.com\/index.php?rest_route=\/wp\/v2\/product"}],"about":[{"href":"https:\/\/www.deporteseli.com\/index.php?rest_route=\/wp\/v2\/types\/product"}],"wp:featuredmedia":[{"embeddable":true,"href":"https:\/\/www.deporteseli.com\/index.php?rest_route=\/wp\/v2\/media\/51122"}],"wp:attachment":[{"href":"https:\/\/www.deporteseli.com\/index.php?rest_route=%2Fwp%2Fv2%2Fmedia&parent=36526"}],"wp:term":[{"taxonomy":"product_brand","embeddable":true,"href":"https:\/\/www.deporteseli.com\/index.php?rest_route=%2Fwp%2Fv2%2Fproduct_brand&post=36526"},{"taxonomy":"product_cat","embeddable":true,"href":"https:\/\/www.deporteseli.com\/index.php?rest_route=%2Fwp%2Fv2%2Fproduct_cat&post=36526"},{"taxonomy":"product_tag","embeddable":true,"href":"https:\/\/www.deporteseli.com\/index.php?rest_route=%2Fwp%2Fv2%2Fproduct_tag&post=36526"}],"curies":[{"name":"wp","href":"https:\/\/api.w.org\/{rel}","templated":true}]}}