{"id":36522,"date":"2026-01-27T17:14:42","date_gmt":"2026-01-27T17:14:42","guid":{"rendered":"https:\/\/www.deporteseli.com\/?product=pelota-gym-269850-55cm"},"modified":"2026-01-27T17:14:43","modified_gmt":"2026-01-27T17:14:43","slug":"pelota-gym-269850-55cm","status":"publish","type":"product","link":"https:\/\/www.deporteseli.com\/?product=pelota-gym-269850-55cm","title":{"rendered":"PELOTA GYM 269850 55CM"},"content":{"rendered":"<p>Descripci\u00f3n del producto  Rucanor bola de la aptitud    La bola de la aptitud es adecuado para aquellos que quieren trabajar en la estabilidad y fuerza. Por ejemplo, considere sentado en el bal\u00f3n, sentarse y hacer algunas flexiones. La pelota tambi\u00e9n es \u00fatil durante la rehabilitaci\u00f3n. El bal\u00f3n es entregado por una bomba y es adecuado para personas de hasta 150 cm.    especificaciones:  Color: azul claro  G\u00e9nero: unisex  Material: PVC  Di\u00e1metro: 55 cm  Adecuado para personas de hasta 150 cm.                                                                                                                                                                                                                                                                                                                                                                                                                                                                                                                                                                                                                                                                                                                                                                                                                                                                                                                                                                                                                                        <\/p>\n","protected":false},"excerpt":{"rendered":"<p>PELOTA GYM 269850 55CM<\/p>\n","protected":false},"featured_media":51117,"template":"","meta":[],"product_brand":[],"product_cat":[344],"product_tag":[39],"class_list":{"0":"post-36522","1":"product","2":"type-product","3":"status-publish","4":"has-post-thumbnail","6":"product_cat-deportes_gimnasio_accesorios","7":"product_tag-rucanor","8":"pa_color-unico","9":"pa_talla-unica","10":"thunk-woo-product-list","11":"opn-qv-enable","12":"open-woo-hover-","13":"open-single-product-tab-horizontal","14":"open-shadow-","15":"open-shadow-hover-","17":"first","18":"instock","19":"shipping-taxable","20":"purchasable","21":"product-type-variable"},"jetpack_sharing_enabled":true,"_links":{"self":[{"href":"https:\/\/www.deporteseli.com\/index.php?rest_route=\/wp\/v2\/product\/36522","targetHints":{"allow":["GET"]}}],"collection":[{"href":"https:\/\/www.deporteseli.com\/index.php?rest_route=\/wp\/v2\/product"}],"about":[{"href":"https:\/\/www.deporteseli.com\/index.php?rest_route=\/wp\/v2\/types\/product"}],"wp:featuredmedia":[{"embeddable":true,"href":"https:\/\/www.deporteseli.com\/index.php?rest_route=\/wp\/v2\/media\/51117"}],"wp:attachment":[{"href":"https:\/\/www.deporteseli.com\/index.php?rest_route=%2Fwp%2Fv2%2Fmedia&parent=36522"}],"wp:term":[{"taxonomy":"product_brand","embeddable":true,"href":"https:\/\/www.deporteseli.com\/index.php?rest_route=%2Fwp%2Fv2%2Fproduct_brand&post=36522"},{"taxonomy":"product_cat","embeddable":true,"href":"https:\/\/www.deporteseli.com\/index.php?rest_route=%2Fwp%2Fv2%2Fproduct_cat&post=36522"},{"taxonomy":"product_tag","embeddable":true,"href":"https:\/\/www.deporteseli.com\/index.php?rest_route=%2Fwp%2Fv2%2Fproduct_tag&post=36522"}],"curies":[{"name":"wp","href":"https:\/\/api.w.org\/{rel}","templated":true}]}}