{"id":36509,"date":"2026-01-27T17:14:21","date_gmt":"2026-01-27T17:14:21","guid":{"rendered":"https:\/\/www.deporteseli.com\/?product=pantalon-corto-wilson-junior-nino-padel-bela"},"modified":"2026-01-27T17:14:28","modified_gmt":"2026-01-27T17:14:28","slug":"pantalon-corto-wilson-junior-nino-padel-bela","status":"publish","type":"product","link":"https:\/\/www.deporteseli.com\/?product=pantalon-corto-wilson-junior-nino-padel-bela","title":{"rendered":"PANTAL\u00f3N CORTO WILSON JUNIOR NI\u00f1O P\u00e1DEL BELA"},"content":{"rendered":"<p>WILSON  PANTAL\u00d3N CORTO WILSON JUNIOR NI\u00d1O P\u00c1DEL BELA 7   Este pantal\u00f3n corto Wilson Junior Boys Padel Bela tiene todas las caracter\u00edsticas de un modelo de alto rendimiento. Se ha dise\u00f1ado especialmente para el juego del p\u00e1del. Permiten que tu campe\u00f3n evacue la humedad para una comodidad absoluta. Siempre se sentir\u00e1 c\u00f3modo llev\u00e1ndolo porque ofrece la m\u00e1xima libertad de movimiento. Tambi\u00e9n tiene una cintura el\u00e1stica para una \u00f3ptima sujeci\u00f3n y dos bolsillos laterales.                                                                                                                                                                                                                                                                                                                                                                                                                                                                                                                                                                                                                                                                                                                                                                                                                                                                                                                                                                                                                                        <\/p>\n","protected":false},"excerpt":{"rendered":"<p>PANTAL\u00f3N CORTO WILSON JUNIOR NI\u00f1O P\u00e1DEL BELA<\/p>\n","protected":false},"featured_media":51113,"template":"","meta":[],"product_brand":[],"product_cat":[365],"product_tag":[57],"class_list":{"0":"post-36509","1":"product","2":"type-product","3":"status-publish","4":"has-post-thumbnail","6":"product_cat-padel_y_tenis_textil_shorts","7":"product_tag-wilson","8":"pa_color-unico","9":"pa_talla-l","10":"pa_talla-m","11":"pa_talla-s","12":"thunk-woo-product-list","13":"opn-qv-enable","14":"open-woo-hover-","15":"open-single-product-tab-horizontal","16":"open-shadow-","17":"open-shadow-hover-","19":"first","20":"instock","21":"shipping-taxable","22":"purchasable","23":"product-type-variable"},"jetpack_sharing_enabled":true,"_links":{"self":[{"href":"https:\/\/www.deporteseli.com\/index.php?rest_route=\/wp\/v2\/product\/36509","targetHints":{"allow":["GET"]}}],"collection":[{"href":"https:\/\/www.deporteseli.com\/index.php?rest_route=\/wp\/v2\/product"}],"about":[{"href":"https:\/\/www.deporteseli.com\/index.php?rest_route=\/wp\/v2\/types\/product"}],"wp:featuredmedia":[{"embeddable":true,"href":"https:\/\/www.deporteseli.com\/index.php?rest_route=\/wp\/v2\/media\/51113"}],"wp:attachment":[{"href":"https:\/\/www.deporteseli.com\/index.php?rest_route=%2Fwp%2Fv2%2Fmedia&parent=36509"}],"wp:term":[{"taxonomy":"product_brand","embeddable":true,"href":"https:\/\/www.deporteseli.com\/index.php?rest_route=%2Fwp%2Fv2%2Fproduct_brand&post=36509"},{"taxonomy":"product_cat","embeddable":true,"href":"https:\/\/www.deporteseli.com\/index.php?rest_route=%2Fwp%2Fv2%2Fproduct_cat&post=36509"},{"taxonomy":"product_tag","embeddable":true,"href":"https:\/\/www.deporteseli.com\/index.php?rest_route=%2Fwp%2Fv2%2Fproduct_tag&post=36509"}],"curies":[{"name":"wp","href":"https:\/\/api.w.org\/{rel}","templated":true}]}}