{"id":36503,"date":"2026-01-27T17:14:09","date_gmt":"2026-01-27T17:14:09","guid":{"rendered":"https:\/\/www.deporteseli.com\/?product=chaleco-nylon-hombre"},"modified":"2026-03-07T05:18:48","modified_gmt":"2026-03-07T05:18:48","slug":"chaleco-nylon-hombre","status":"publish","type":"product","link":"https:\/\/www.deporteseli.com\/?product=chaleco-nylon-hombre","title":{"rendered":"CHALECO NYLON HOMBRE"},"content":{"rendered":"<p>Descripci\u00f3n: Cremallera central y bolsillos con cremalleras invertidas, ribete el\u00e1stico en la sisa, protector de barbilla, cuerda regulable en el bajo.    Composici\u00f3n: 100% Nylon- Relleno 100% Poli\u00e9ster 200grs.    Prestaciones: C\u00f3modo, confortable, ligero, repele el agua, corta el viento.    Colores: Negro                                                                                                                                                                                                                                                                                                                                                                                                                                                                                                                                                                                                                                                                                                                                                                                                                                                                                                                                                                                                                                        <\/p>\n","protected":false},"excerpt":{"rendered":"<p>CHALECO NYLON HOMBRE<\/p>\n","protected":false},"featured_media":51110,"template":"","meta":[],"product_brand":[],"product_cat":[256],"product_tag":[70],"class_list":{"0":"post-36503","1":"product","2":"type-product","3":"status-publish","4":"has-post-thumbnail","6":"product_cat-hombre_textil_chaquetas","7":"product_tag-bcn","8":"pa_color-unico","9":"pa_talla-l","10":"pa_talla-xl","11":"pa_talla-xxl","12":"thunk-woo-product-list","13":"opn-qv-enable","14":"open-woo-hover-","15":"open-single-product-tab-horizontal","16":"open-shadow-","17":"open-shadow-hover-","19":"first","20":"instock","21":"shipping-taxable","22":"purchasable","23":"product-type-variable"},"jetpack_sharing_enabled":true,"_links":{"self":[{"href":"https:\/\/www.deporteseli.com\/index.php?rest_route=\/wp\/v2\/product\/36503","targetHints":{"allow":["GET"]}}],"collection":[{"href":"https:\/\/www.deporteseli.com\/index.php?rest_route=\/wp\/v2\/product"}],"about":[{"href":"https:\/\/www.deporteseli.com\/index.php?rest_route=\/wp\/v2\/types\/product"}],"wp:featuredmedia":[{"embeddable":true,"href":"https:\/\/www.deporteseli.com\/index.php?rest_route=\/wp\/v2\/media\/51110"}],"wp:attachment":[{"href":"https:\/\/www.deporteseli.com\/index.php?rest_route=%2Fwp%2Fv2%2Fmedia&parent=36503"}],"wp:term":[{"taxonomy":"product_brand","embeddable":true,"href":"https:\/\/www.deporteseli.com\/index.php?rest_route=%2Fwp%2Fv2%2Fproduct_brand&post=36503"},{"taxonomy":"product_cat","embeddable":true,"href":"https:\/\/www.deporteseli.com\/index.php?rest_route=%2Fwp%2Fv2%2Fproduct_cat&post=36503"},{"taxonomy":"product_tag","embeddable":true,"href":"https:\/\/www.deporteseli.com\/index.php?rest_route=%2Fwp%2Fv2%2Fproduct_tag&post=36503"}],"curies":[{"name":"wp","href":"https:\/\/api.w.org\/{rel}","templated":true}]}}