{"id":36498,"date":"2026-01-27T17:14:03","date_gmt":"2026-01-27T17:14:03","guid":{"rendered":"https:\/\/www.deporteseli.com\/?product=sudadera-nina-half-negro"},"modified":"2026-01-27T17:14:08","modified_gmt":"2026-01-27T17:14:08","slug":"sudadera-nina-half-negro","status":"publish","type":"product","link":"https:\/\/www.deporteseli.com\/?product=sudadera-nina-half-negro","title":{"rendered":"SUDADERA NI\u00f1A HALF NEGRO"},"content":{"rendered":"<p>Sudadera para ni\u00f1a en color negro y rosa fabricado en tejido resistente.    La prenda tiene el\u00e1stico en pu\u00f1o y cinturilla para un mayor ajuste, adem\u00e1s de capucha ajustable con cordones.    La sudadera es muy c\u00f3moda y tiene dos bolsillos laterales.    FABRICACI\u00d3N: 95% Poli\u00e9ster, 5% Spandex                                                                                                                                                                                                                                                                                                                                                                                                                                                                                                                                                                                                                                                                                                                                                                                                                                                                                                                                                                                                                                        <\/p>\n","protected":false},"excerpt":{"rendered":"<p>SUDADERA NI\u00f1A HALF NEGRO<\/p>\n","protected":false},"featured_media":51108,"template":"","meta":[],"product_brand":[],"product_cat":[384],"product_tag":[],"class_list":{"0":"post-36498","1":"product","2":"type-product","3":"status-publish","4":"has-post-thumbnail","6":"product_cat-ninas_textil_sudaderas","7":"pa_color-unico","8":"pa_talla-t-10","9":"pa_talla-t-12","10":"pa_talla-t-16","11":"pa_talla-t-8","12":"thunk-woo-product-list","13":"opn-qv-enable","14":"open-woo-hover-","15":"open-single-product-tab-horizontal","16":"open-shadow-","17":"open-shadow-hover-","19":"first","20":"instock","21":"shipping-taxable","22":"purchasable","23":"product-type-variable"},"jetpack_sharing_enabled":true,"_links":{"self":[{"href":"https:\/\/www.deporteseli.com\/index.php?rest_route=\/wp\/v2\/product\/36498","targetHints":{"allow":["GET"]}}],"collection":[{"href":"https:\/\/www.deporteseli.com\/index.php?rest_route=\/wp\/v2\/product"}],"about":[{"href":"https:\/\/www.deporteseli.com\/index.php?rest_route=\/wp\/v2\/types\/product"}],"wp:featuredmedia":[{"embeddable":true,"href":"https:\/\/www.deporteseli.com\/index.php?rest_route=\/wp\/v2\/media\/51108"}],"wp:attachment":[{"href":"https:\/\/www.deporteseli.com\/index.php?rest_route=%2Fwp%2Fv2%2Fmedia&parent=36498"}],"wp:term":[{"taxonomy":"product_brand","embeddable":true,"href":"https:\/\/www.deporteseli.com\/index.php?rest_route=%2Fwp%2Fv2%2Fproduct_brand&post=36498"},{"taxonomy":"product_cat","embeddable":true,"href":"https:\/\/www.deporteseli.com\/index.php?rest_route=%2Fwp%2Fv2%2Fproduct_cat&post=36498"},{"taxonomy":"product_tag","embeddable":true,"href":"https:\/\/www.deporteseli.com\/index.php?rest_route=%2Fwp%2Fv2%2Fproduct_tag&post=36498"}],"curies":[{"name":"wp","href":"https:\/\/api.w.org\/{rel}","templated":true}]}}