{"id":36496,"date":"2026-01-27T17:14:01","date_gmt":"2026-01-27T17:14:01","guid":{"rendered":"https:\/\/www.deporteseli.com\/?product=tenis-j-smith-rolis-mrno"},"modified":"2026-01-27T17:14:02","modified_gmt":"2026-01-27T17:14:02","slug":"tenis-j-smith-rolis-mrno","status":"publish","type":"product","link":"https:\/\/www.deporteseli.com\/?product=tenis-j-smith-rolis-mrno","title":{"rendered":"TENIS J.SMITH ROLIS MRNO"},"content":{"rendered":"<p>CARACTERISTICAS:    Modelo de continuidad, destaca la robustez de su corte, en material sint\u00e9tico de alta densidad.    Es un modelo muy vers\u00e1til, lo que necesitan los ni\u00f1os para el d\u00eda a d\u00eda. Su ajuste con doble velcro permite ponerse y quitarse las zapatillas de manera muy c\u00f3moda.    Resaltar tambi\u00e9n su suela de phylon, nos aporta gran ligereza y amortiguaci\u00f3n, adem\u00e1s, el dise\u00f1o de la misma, con cortes longitudinales y transversales aporta a la pisada un cushion extra.    Planta cosida al corte y unida directamente a la mediasuela proporcionando mayor estabilidad y comodidad.                                                                                                                                                                                                                                                                                                                                                                                                                                                                                                                                                                                                                                                                                                                                                                                                                                                                                                                                                                                                                                        <\/p>\n","protected":false},"excerpt":{"rendered":"<p>TENIS J.SMITH ROLIS MRNO<\/p>\n","protected":false},"featured_media":51104,"template":"","meta":[],"product_brand":[],"product_cat":[310],"product_tag":[43],"class_list":{"0":"post-36496","1":"product","2":"type-product","3":"status-publish","4":"has-post-thumbnail","6":"product_cat-nino_calzado_casual","7":"product_tag-jhon_smith","8":"pa_color-unico","9":"pa_talla-131","10":"thunk-woo-product-list","11":"opn-qv-enable","12":"open-woo-hover-","13":"open-single-product-tab-horizontal","14":"open-shadow-","15":"open-shadow-hover-","17":"first","18":"instock","19":"sale","20":"shipping-taxable","21":"purchasable","22":"product-type-variable"},"jetpack_sharing_enabled":true,"_links":{"self":[{"href":"https:\/\/www.deporteseli.com\/index.php?rest_route=\/wp\/v2\/product\/36496","targetHints":{"allow":["GET"]}}],"collection":[{"href":"https:\/\/www.deporteseli.com\/index.php?rest_route=\/wp\/v2\/product"}],"about":[{"href":"https:\/\/www.deporteseli.com\/index.php?rest_route=\/wp\/v2\/types\/product"}],"wp:featuredmedia":[{"embeddable":true,"href":"https:\/\/www.deporteseli.com\/index.php?rest_route=\/wp\/v2\/media\/51104"}],"wp:attachment":[{"href":"https:\/\/www.deporteseli.com\/index.php?rest_route=%2Fwp%2Fv2%2Fmedia&parent=36496"}],"wp:term":[{"taxonomy":"product_brand","embeddable":true,"href":"https:\/\/www.deporteseli.com\/index.php?rest_route=%2Fwp%2Fv2%2Fproduct_brand&post=36496"},{"taxonomy":"product_cat","embeddable":true,"href":"https:\/\/www.deporteseli.com\/index.php?rest_route=%2Fwp%2Fv2%2Fproduct_cat&post=36496"},{"taxonomy":"product_tag","embeddable":true,"href":"https:\/\/www.deporteseli.com\/index.php?rest_route=%2Fwp%2Fv2%2Fproduct_tag&post=36496"}],"curies":[{"name":"wp","href":"https:\/\/api.w.org\/{rel}","templated":true}]}}