{"id":36483,"date":"2026-01-27T17:13:41","date_gmt":"2026-01-27T17:13:41","guid":{"rendered":"https:\/\/www.deporteseli.com\/?product=mallas-aeroready-animal-print-external-pocket"},"modified":"2026-01-27T17:13:47","modified_gmt":"2026-01-27T17:13:47","slug":"mallas-aeroready-animal-print-external-pocket","status":"publish","type":"product","link":"https:\/\/www.deporteseli.com\/?product=mallas-aeroready-animal-print-external-pocket","title":{"rendered":"MALLAS AEROREADY ANIMAL PRINT EXTERNAL POCKET"},"content":{"rendered":"<p>MALLAS AEROREADY ANIMAL PRINT EXTERNAL POCKET STRETCH TRAINING  ENTRENA CON TOTAL COMODIDAD  Transmite con tu look la misma fuerza que irradias cuando entrenas. Mantente c\u00f3moda y seca de principio a fin de la sesi\u00f3n con estas mallas adidas AEROREADY para j\u00f3venes deportistas. Incluyen un bolsillo de malla para guardar las llaves o el pase del gimnasio.    Este producto se ha fabricado con Primegreen, una combinaci\u00f3n de materiales reciclados de alto rendimiento.  DETALLES  Corte ajustado  Cintura el\u00e1stica  Punto 91% poli\u00e9ster reciclado \/ 9% elast\u00e1n  Tejido transpirable  Cintura de talle medio  Bolsillo exterior de malla  Primegreen  Color del art\u00edculo: Wonder White \/ Team Real Magenta \/ Black  N\u00famero de art\u00edculo: GV2046                                                                                                                                                                                                                                                                                                                                                                                                                                                                                                                                                                                                                                                                                                                                                                                                                                                                                                                                                                                                                                        <\/p>\n","protected":false},"excerpt":{"rendered":"<p>MALLAS AEROREADY ANIMAL PRINT EXTERNAL POCKET<\/p>\n","protected":false},"featured_media":51096,"template":"","meta":[],"product_brand":[],"product_cat":[386],"product_tag":[18],"class_list":{"0":"post-36483","1":"product","2":"type-product","3":"status-publish","4":"has-post-thumbnail","6":"product_cat-ninas_textil_mallas","7":"product_tag-adidas","8":"pa_color-unico","9":"pa_talla-t-12","10":"pa_talla-t-14","11":"pa_talla-t-16","12":"pa_talla-t-6","13":"thunk-woo-product-list","14":"opn-qv-enable","15":"open-woo-hover-","16":"open-single-product-tab-horizontal","17":"open-shadow-","18":"open-shadow-hover-","20":"first","21":"instock","22":"shipping-taxable","23":"purchasable","24":"product-type-variable"},"jetpack_sharing_enabled":true,"_links":{"self":[{"href":"https:\/\/www.deporteseli.com\/index.php?rest_route=\/wp\/v2\/product\/36483","targetHints":{"allow":["GET"]}}],"collection":[{"href":"https:\/\/www.deporteseli.com\/index.php?rest_route=\/wp\/v2\/product"}],"about":[{"href":"https:\/\/www.deporteseli.com\/index.php?rest_route=\/wp\/v2\/types\/product"}],"wp:featuredmedia":[{"embeddable":true,"href":"https:\/\/www.deporteseli.com\/index.php?rest_route=\/wp\/v2\/media\/51096"}],"wp:attachment":[{"href":"https:\/\/www.deporteseli.com\/index.php?rest_route=%2Fwp%2Fv2%2Fmedia&parent=36483"}],"wp:term":[{"taxonomy":"product_brand","embeddable":true,"href":"https:\/\/www.deporteseli.com\/index.php?rest_route=%2Fwp%2Fv2%2Fproduct_brand&post=36483"},{"taxonomy":"product_cat","embeddable":true,"href":"https:\/\/www.deporteseli.com\/index.php?rest_route=%2Fwp%2Fv2%2Fproduct_cat&post=36483"},{"taxonomy":"product_tag","embeddable":true,"href":"https:\/\/www.deporteseli.com\/index.php?rest_route=%2Fwp%2Fv2%2Fproduct_tag&post=36483"}],"curies":[{"name":"wp","href":"https:\/\/api.w.org\/{rel}","templated":true}]}}