{"id":36478,"date":"2026-01-27T17:13:35","date_gmt":"2026-01-27T17:13:35","guid":{"rendered":"https:\/\/www.deporteseli.com\/?product=tenis-de-bebe-unisex-fila-killington-2"},"modified":"2026-02-18T18:13:30","modified_gmt":"2026-02-18T18:13:30","slug":"tenis-de-bebe-unisex-fila-killington-2","status":"publish","type":"product","link":"https:\/\/www.deporteseli.com\/?product=tenis-de-bebe-unisex-fila-killington-2","title":{"rendered":"TENIS DE BEB\u00e9 UNISEX FILA KILLINGTON 2"},"content":{"rendered":"<p>DESCRIPCI\u00d3N  Rom\u00e1ntico y din\u00e1mico al mismo tiempo, el zapato deportivo para ni\u00f1os peque\u00f1os y ni\u00f1os es adecuado para la guarder\u00eda, la guarder\u00eda, la escuela, el patio de recreo y, por supuesto, los deportes. Zapato fabricado en poliuretano (piel sint\u00e9tica) que fascina a los amiguitos con la maravillosa paleta de colores. Tiene tal\u00f3n en el lateral del tal\u00f3n y cierre tipo velcro, para que sea f\u00e1cil de llevar. El peque\u00f1o desplazamiento de la punta al tal\u00f3n proporciona un apoyo adecuado para el pie. La suela de goma duradera ofrece un zapato ligero, r\u00e1pido y estable que proporciona protecci\u00f3n antideslizante. Es unisex pero por la combinaci\u00f3n de colores, aunque de estilo militar.                                                                                                                                                                                                                                                                                                                                                                                                                                                                                                                                                                                                                                                                                                                                                                                                                                                                                                                                                                                                                                        <\/p>\n","protected":false},"excerpt":{"rendered":"<p>TENIS DE BEB\u00e9 UNISEX FILA KILLINGTON 2<\/p>\n","protected":false},"featured_media":51088,"template":"","meta":[],"product_brand":[],"product_cat":[237],"product_tag":[46],"class_list":{"0":"post-36478","1":"product","2":"type-product","3":"status-publish","4":"has-post-thumbnail","6":"product_cat-outlet_calzado","7":"product_tag-fila","8":"pa_color-unico","9":"pa_talla-119","10":"thunk-woo-product-list","11":"opn-qv-enable","12":"open-woo-hover-","13":"open-single-product-tab-horizontal","14":"open-shadow-","15":"open-shadow-hover-","17":"first","18":"instock","19":"shipping-taxable","20":"purchasable","21":"product-type-variable"},"jetpack_sharing_enabled":true,"_links":{"self":[{"href":"https:\/\/www.deporteseli.com\/index.php?rest_route=\/wp\/v2\/product\/36478","targetHints":{"allow":["GET"]}}],"collection":[{"href":"https:\/\/www.deporteseli.com\/index.php?rest_route=\/wp\/v2\/product"}],"about":[{"href":"https:\/\/www.deporteseli.com\/index.php?rest_route=\/wp\/v2\/types\/product"}],"wp:featuredmedia":[{"embeddable":true,"href":"https:\/\/www.deporteseli.com\/index.php?rest_route=\/wp\/v2\/media\/51088"}],"wp:attachment":[{"href":"https:\/\/www.deporteseli.com\/index.php?rest_route=%2Fwp%2Fv2%2Fmedia&parent=36478"}],"wp:term":[{"taxonomy":"product_brand","embeddable":true,"href":"https:\/\/www.deporteseli.com\/index.php?rest_route=%2Fwp%2Fv2%2Fproduct_brand&post=36478"},{"taxonomy":"product_cat","embeddable":true,"href":"https:\/\/www.deporteseli.com\/index.php?rest_route=%2Fwp%2Fv2%2Fproduct_cat&post=36478"},{"taxonomy":"product_tag","embeddable":true,"href":"https:\/\/www.deporteseli.com\/index.php?rest_route=%2Fwp%2Fv2%2Fproduct_tag&post=36478"}],"curies":[{"name":"wp","href":"https:\/\/api.w.org\/{rel}","templated":true}]}}