{"id":36474,"date":"2026-01-27T17:13:30","date_gmt":"2026-01-27T17:13:30","guid":{"rendered":"https:\/\/www.deporteseli.com\/?product=sudadera-nino-a-champion-con-capucha-rosa-404"},"modified":"2026-01-27T17:13:34","modified_gmt":"2026-01-27T17:13:34","slug":"sudadera-nino-a-champion-con-capucha-rosa-404","status":"publish","type":"product","link":"https:\/\/www.deporteseli.com\/?product=sudadera-nino-a-champion-con-capucha-rosa-404","title":{"rendered":"SUDADERA NI\u00f1O\/A CHAMPION CON CAPUCHA ROSA 404"},"content":{"rendered":"<p>Sudadera ni\u00f1a, con capucha fija.  Logo estampado.  Bolsillo canguro.  Cintura y pu\u00f1os el\u00e1sticos.  Interior felpa.  Custom fit.  58% algod\u00f3n, 42% poli\u00e9ster.                                                                                                                                                                                                                                                                                                                                                                                                                                                                                                                                                                                                                                                                                                                                                                                                                                                                                                                                                                                                                                        <\/p>\n","protected":false},"excerpt":{"rendered":"<p>SUDADERA NI\u00f1O\/A CHAMPION CON CAPUCHA ROSA 404<\/p>\n","protected":false},"featured_media":51085,"template":"","meta":[],"product_brand":[],"product_cat":[384],"product_tag":[51],"class_list":{"0":"post-36474","1":"product","2":"type-product","3":"status-publish","4":"has-post-thumbnail","6":"product_cat-ninas_textil_sudaderas","7":"product_tag-champion","8":"pa_color-unico","9":"pa_talla-l","10":"pa_talla-xl","11":"pa_talla-xxl","12":"thunk-woo-product-list","13":"opn-qv-enable","14":"open-woo-hover-","15":"open-single-product-tab-horizontal","16":"open-shadow-","17":"open-shadow-hover-","19":"first","20":"instock","21":"shipping-taxable","22":"purchasable","23":"product-type-variable"},"jetpack_sharing_enabled":true,"_links":{"self":[{"href":"https:\/\/www.deporteseli.com\/index.php?rest_route=\/wp\/v2\/product\/36474","targetHints":{"allow":["GET"]}}],"collection":[{"href":"https:\/\/www.deporteseli.com\/index.php?rest_route=\/wp\/v2\/product"}],"about":[{"href":"https:\/\/www.deporteseli.com\/index.php?rest_route=\/wp\/v2\/types\/product"}],"wp:featuredmedia":[{"embeddable":true,"href":"https:\/\/www.deporteseli.com\/index.php?rest_route=\/wp\/v2\/media\/51085"}],"wp:attachment":[{"href":"https:\/\/www.deporteseli.com\/index.php?rest_route=%2Fwp%2Fv2%2Fmedia&parent=36474"}],"wp:term":[{"taxonomy":"product_brand","embeddable":true,"href":"https:\/\/www.deporteseli.com\/index.php?rest_route=%2Fwp%2Fv2%2Fproduct_brand&post=36474"},{"taxonomy":"product_cat","embeddable":true,"href":"https:\/\/www.deporteseli.com\/index.php?rest_route=%2Fwp%2Fv2%2Fproduct_cat&post=36474"},{"taxonomy":"product_tag","embeddable":true,"href":"https:\/\/www.deporteseli.com\/index.php?rest_route=%2Fwp%2Fv2%2Fproduct_tag&post=36474"}],"curies":[{"name":"wp","href":"https:\/\/api.w.org\/{rel}","templated":true}]}}