{"id":36472,"date":"2026-01-27T17:13:27","date_gmt":"2026-01-27T17:13:27","guid":{"rendered":"https:\/\/www.deporteseli.com\/?product=champion-sudadera-blanca-403914-nino-a"},"modified":"2026-01-27T17:13:29","modified_gmt":"2026-01-27T17:13:29","slug":"champion-sudadera-blanca-403914-nino-a","status":"publish","type":"product","link":"https:\/\/www.deporteseli.com\/?product=champion-sudadera-blanca-403914-nino-a","title":{"rendered":"CHAMPION &#8211; SUDADERA BLANCA 403914 NI\u00f1O\/A"},"content":{"rendered":"<p>Sudadera blanca para ni\u00f1o de la marca Champion. Es de ajuste cl\u00e1sico y tiene capucha. Presenta un bolsillo tipo canguro y los pu\u00f1os y el dobladillo son de canal\u00e9. Luce el logo de Champion engomado en el pecho.  Caracter\u00edsticas:  58% Algod\u00f3n, 42% Poli\u00e9ster                                                                                                                                                                                                                                                                                                                                                                                                                                                                                                                                                                                                                                                                                                                                                                                                                                                                                                                                                                                                                                        <\/p>\n","protected":false},"excerpt":{"rendered":"<p>CHAMPION &#8211; SUDADERA BLANCA 403914 NI\u00f1O\/A<\/p>\n","protected":false},"featured_media":51083,"template":"","meta":[],"product_brand":[],"product_cat":[384],"product_tag":[51],"class_list":{"0":"post-36472","1":"product","2":"type-product","3":"status-publish","4":"has-post-thumbnail","6":"product_cat-ninas_textil_sudaderas","7":"product_tag-champion","8":"pa_color-unico","9":"pa_talla-xl","10":"thunk-woo-product-list","11":"opn-qv-enable","12":"open-woo-hover-","13":"open-single-product-tab-horizontal","14":"open-shadow-","15":"open-shadow-hover-","17":"first","18":"instock","19":"shipping-taxable","20":"purchasable","21":"product-type-variable"},"jetpack_sharing_enabled":true,"_links":{"self":[{"href":"https:\/\/www.deporteseli.com\/index.php?rest_route=\/wp\/v2\/product\/36472","targetHints":{"allow":["GET"]}}],"collection":[{"href":"https:\/\/www.deporteseli.com\/index.php?rest_route=\/wp\/v2\/product"}],"about":[{"href":"https:\/\/www.deporteseli.com\/index.php?rest_route=\/wp\/v2\/types\/product"}],"wp:featuredmedia":[{"embeddable":true,"href":"https:\/\/www.deporteseli.com\/index.php?rest_route=\/wp\/v2\/media\/51083"}],"wp:attachment":[{"href":"https:\/\/www.deporteseli.com\/index.php?rest_route=%2Fwp%2Fv2%2Fmedia&parent=36472"}],"wp:term":[{"taxonomy":"product_brand","embeddable":true,"href":"https:\/\/www.deporteseli.com\/index.php?rest_route=%2Fwp%2Fv2%2Fproduct_brand&post=36472"},{"taxonomy":"product_cat","embeddable":true,"href":"https:\/\/www.deporteseli.com\/index.php?rest_route=%2Fwp%2Fv2%2Fproduct_cat&post=36472"},{"taxonomy":"product_tag","embeddable":true,"href":"https:\/\/www.deporteseli.com\/index.php?rest_route=%2Fwp%2Fv2%2Fproduct_tag&post=36472"}],"curies":[{"name":"wp","href":"https:\/\/api.w.org\/{rel}","templated":true}]}}