{"id":36469,"date":"2026-01-27T17:13:23","date_gmt":"2026-01-27T17:13:23","guid":{"rendered":"https:\/\/www.deporteseli.com\/?product=champion-sudadera-nina-403914-ps009"},"modified":"2026-01-27T17:13:26","modified_gmt":"2026-01-27T17:13:26","slug":"champion-sudadera-nina-403914-ps009","status":"publish","type":"product","link":"https:\/\/www.deporteseli.com\/?product=champion-sudadera-nina-403914-ps009","title":{"rendered":"CHAMPION SUDADERA NI\u00f1A 403914-PS009"},"content":{"rendered":"<p>Sudadera rosa para ni\u00f1a de la marca Champion. Es de ajuste holgado y tiene un bolsillo tipo canguro. Los pu\u00f1os y el dobladillo son de canal\u00e9 y luce el logo de Champion engomado en el pecho.  Caracter\u00edsticas:  58% Algod\u00f3n, 42% Poli\u00e9ster                                                                                                                                                                                                                                                                                                                                                                                                                                                                                                                                                                                                                                                                                                                                                                                                                                                                                                                                                                                                                                        <\/p>\n","protected":false},"excerpt":{"rendered":"<p>CHAMPION SUDADERA NI\u00f1A 403914-PS009<\/p>\n","protected":false},"featured_media":51082,"template":"","meta":[],"product_brand":[],"product_cat":[384],"product_tag":[51],"class_list":{"0":"post-36469","1":"product","2":"type-product","3":"status-publish","4":"has-post-thumbnail","6":"product_cat-ninas_textil_sudaderas","7":"product_tag-champion","8":"pa_color-unico","9":"pa_talla-l","10":"pa_talla-xl","11":"thunk-woo-product-list","12":"opn-qv-enable","13":"open-woo-hover-","14":"open-single-product-tab-horizontal","15":"open-shadow-","16":"open-shadow-hover-","18":"first","19":"instock","20":"shipping-taxable","21":"purchasable","22":"product-type-variable"},"jetpack_sharing_enabled":true,"_links":{"self":[{"href":"https:\/\/www.deporteseli.com\/index.php?rest_route=\/wp\/v2\/product\/36469","targetHints":{"allow":["GET"]}}],"collection":[{"href":"https:\/\/www.deporteseli.com\/index.php?rest_route=\/wp\/v2\/product"}],"about":[{"href":"https:\/\/www.deporteseli.com\/index.php?rest_route=\/wp\/v2\/types\/product"}],"wp:featuredmedia":[{"embeddable":true,"href":"https:\/\/www.deporteseli.com\/index.php?rest_route=\/wp\/v2\/media\/51082"}],"wp:attachment":[{"href":"https:\/\/www.deporteseli.com\/index.php?rest_route=%2Fwp%2Fv2%2Fmedia&parent=36469"}],"wp:term":[{"taxonomy":"product_brand","embeddable":true,"href":"https:\/\/www.deporteseli.com\/index.php?rest_route=%2Fwp%2Fv2%2Fproduct_brand&post=36469"},{"taxonomy":"product_cat","embeddable":true,"href":"https:\/\/www.deporteseli.com\/index.php?rest_route=%2Fwp%2Fv2%2Fproduct_cat&post=36469"},{"taxonomy":"product_tag","embeddable":true,"href":"https:\/\/www.deporteseli.com\/index.php?rest_route=%2Fwp%2Fv2%2Fproduct_tag&post=36469"}],"curies":[{"name":"wp","href":"https:\/\/api.w.org\/{rel}","templated":true}]}}