{"id":36456,"date":"2026-01-27T17:13:04","date_gmt":"2026-01-27T17:13:04","guid":{"rendered":"https:\/\/www.deporteseli.com\/?product=red-padel-competicion-4mm-lno-ng"},"modified":"2026-03-11T05:17:42","modified_gmt":"2026-03-11T05:17:42","slug":"red-padel-competicion-4mm-lno-ng","status":"publish","type":"product","link":"https:\/\/www.deporteseli.com\/?product=red-padel-competicion-4mm-lno-ng","title":{"rendered":"RED PADEL COMPETICION 4MM LNO NG"},"content":{"rendered":"<p>Red de p\u00e1del de polipropileno sin nudos, malla de 45 mm. Cinta de PVC y cableado de acero incluidos.    \u00b7 Medidas reglamentarias: 10 x 0,92 m.    \u00b7 Grosor:  4 mm (competici\u00f3n).    \u00b7 Color: negra.    M\u00e1xima resistencia y fiabilidad. La L\u00ednea Oro supone un nuevo concepto de red y ha sido posible gracias a la utilizaci\u00f3n de la m\u00e1s alta tecnolog\u00eda para su confecci\u00f3n. Estas redes, sin nudos, est\u00e1n fabricadas conforme a las Normas Europeas EN y utilizan como materia prima una nueva generaci\u00f3n de polipropilenos que destacan por poseer las siguientes propiedades:    \u00b7 Producto ecol\u00f3gico, reciclable 100%.    \u00b7 100% inerte (no produce bacterias) y antial\u00e9rgico.    \u00b7 No es digerible por ning\u00fan insecto.                                                                                                                                                                                                                                                                                                                                                                                                                                                                                                                                                                                                                                                                                                                                                                                                                                                                                                                                                                                                                                        <\/p>\n","protected":false},"excerpt":{"rendered":"<p>RED PADEL COMPETICION 4MM LNO NG<\/p>\n","protected":false},"featured_media":51075,"template":"","meta":[],"product_brand":[],"product_cat":[353],"product_tag":[76],"class_list":{"0":"post-36456","1":"product","2":"type-product","3":"status-publish","4":"has-post-thumbnail","6":"product_cat-padel_y_tenis_palas","7":"product_tag-leon_de_oro","8":"pa_color-unico","9":"pa_talla-unica","10":"thunk-woo-product-list","11":"opn-qv-enable","12":"open-woo-hover-","13":"open-single-product-tab-horizontal","14":"open-shadow-","15":"open-shadow-hover-","17":"first","18":"instock","19":"shipping-taxable","20":"purchasable","21":"product-type-variable"},"jetpack_sharing_enabled":true,"_links":{"self":[{"href":"https:\/\/www.deporteseli.com\/index.php?rest_route=\/wp\/v2\/product\/36456","targetHints":{"allow":["GET"]}}],"collection":[{"href":"https:\/\/www.deporteseli.com\/index.php?rest_route=\/wp\/v2\/product"}],"about":[{"href":"https:\/\/www.deporteseli.com\/index.php?rest_route=\/wp\/v2\/types\/product"}],"wp:featuredmedia":[{"embeddable":true,"href":"https:\/\/www.deporteseli.com\/index.php?rest_route=\/wp\/v2\/media\/51075"}],"wp:attachment":[{"href":"https:\/\/www.deporteseli.com\/index.php?rest_route=%2Fwp%2Fv2%2Fmedia&parent=36456"}],"wp:term":[{"taxonomy":"product_brand","embeddable":true,"href":"https:\/\/www.deporteseli.com\/index.php?rest_route=%2Fwp%2Fv2%2Fproduct_brand&post=36456"},{"taxonomy":"product_cat","embeddable":true,"href":"https:\/\/www.deporteseli.com\/index.php?rest_route=%2Fwp%2Fv2%2Fproduct_cat&post=36456"},{"taxonomy":"product_tag","embeddable":true,"href":"https:\/\/www.deporteseli.com\/index.php?rest_route=%2Fwp%2Fv2%2Fproduct_tag&post=36456"}],"curies":[{"name":"wp","href":"https:\/\/api.w.org\/{rel}","templated":true}]}}