{"id":36452,"date":"2026-01-27T17:12:58","date_gmt":"2026-01-27T17:12:58","guid":{"rendered":"https:\/\/www.deporteseli.com\/?product=chaqueta-para-ninos-adidas-essentials-2"},"modified":"2026-01-27T17:13:03","modified_gmt":"2026-01-27T17:13:03","slug":"chaqueta-para-ninos-adidas-essentials-2","status":"publish","type":"product","link":"https:\/\/www.deporteseli.com\/?product=chaqueta-para-ninos-adidas-essentials-2","title":{"rendered":"CHAQUETA PARA NI\u00f1OS ADIDAS ESSENTIALS"},"content":{"rendered":"<p>Chaqueta para ni\u00f1os adidas Essentials  \u00bfCu\u00e1l es su color favorito? Esta sudadera con capucha junior adidas est\u00e1 disponible en varias versiones. Su corte entallado y su estilo minimalista lo convierten en un imprescindible del armario, pero es la suavidad del forro polar lo que lo convertir\u00e1 en tu pieza favorita.Este producto est\u00e1 fabricado con materiales reciclados, como parte de nuestra lucha contra los residuos pl\u00e1sticos.    Ajuste delgado.                                                                                                                                                                                                                                                                                                                                                                                                                                                                                                                                                                                                                                                                                                                                                                                                                                                                                                                                                                                                                                        <\/p>\n","protected":false},"excerpt":{"rendered":"<p>CHAQUETA PARA NI\u00f1OS ADIDAS ESSENTIALS<\/p>\n","protected":false},"featured_media":51070,"template":"","meta":[],"product_brand":[],"product_cat":[384],"product_tag":[18],"class_list":{"0":"post-36452","1":"product","2":"type-product","3":"status-publish","4":"has-post-thumbnail","6":"product_cat-ninas_textil_sudaderas","7":"product_tag-adidas","8":"pa_color-unico","9":"pa_talla-t-10","10":"pa_talla-t-12","11":"pa_talla-t-14","12":"thunk-woo-product-list","13":"opn-qv-enable","14":"open-woo-hover-","15":"open-single-product-tab-horizontal","16":"open-shadow-","17":"open-shadow-hover-","19":"first","20":"instock","21":"shipping-taxable","22":"purchasable","23":"product-type-variable"},"jetpack_sharing_enabled":true,"_links":{"self":[{"href":"https:\/\/www.deporteseli.com\/index.php?rest_route=\/wp\/v2\/product\/36452","targetHints":{"allow":["GET"]}}],"collection":[{"href":"https:\/\/www.deporteseli.com\/index.php?rest_route=\/wp\/v2\/product"}],"about":[{"href":"https:\/\/www.deporteseli.com\/index.php?rest_route=\/wp\/v2\/types\/product"}],"wp:featuredmedia":[{"embeddable":true,"href":"https:\/\/www.deporteseli.com\/index.php?rest_route=\/wp\/v2\/media\/51070"}],"wp:attachment":[{"href":"https:\/\/www.deporteseli.com\/index.php?rest_route=%2Fwp%2Fv2%2Fmedia&parent=36452"}],"wp:term":[{"taxonomy":"product_brand","embeddable":true,"href":"https:\/\/www.deporteseli.com\/index.php?rest_route=%2Fwp%2Fv2%2Fproduct_brand&post=36452"},{"taxonomy":"product_cat","embeddable":true,"href":"https:\/\/www.deporteseli.com\/index.php?rest_route=%2Fwp%2Fv2%2Fproduct_cat&post=36452"},{"taxonomy":"product_tag","embeddable":true,"href":"https:\/\/www.deporteseli.com\/index.php?rest_route=%2Fwp%2Fv2%2Fproduct_tag&post=36452"}],"curies":[{"name":"wp","href":"https:\/\/api.w.org\/{rel}","templated":true}]}}